{"id":127,"date":"2022-12-27T17:58:31","date_gmt":"2022-12-27T17:58:31","guid":{"rendered":"https:\/\/export.mercurytheme.com\/012\/?page_id=127"},"modified":"2022-12-27T17:58:31","modified_gmt":"2022-12-27T17:58:31","slug":"privacy-policy-2","status":"publish","type":"page","link":"https:\/\/centimeters.to\/de\/datenschutzerklarung-2\/","title":{"rendered":"Datenschutzrichtlinie"},"content":{"rendered":"<h2 class=\"wp-block-heading\">Wer wir sind<\/h2>\n\n\n\n<p>Unsere Website-Adresse lautet: https:\/\/mercurytheme.com.<\/p>\n\n\n\n<h2 class=\"wp-block-heading\">Welche personenbezogenen Daten wir sammeln und warum wir sie sammeln<\/h2>\n\n\n\n<h3 class=\"wp-block-heading\">Kommentare<\/h3>\n\n\n\n<p>Wenn Besucher Kommentare auf der Site hinterlassen, erfassen wir die im Kommentarformular angezeigten Daten sowie die IP-Adresse des Besuchers und den User-Agent-String (damit wird der Browser identifiziert), um die Spam-Erkennung zu unterst\u00fctzen.<\/p>\n\n\n\n<p>Aus Ihrer E-Mail-Adresse kann eine anonymisierte Zeichenfolge erstellt (auch Hash genannt) und dem Gravatar-Dienst zur Verf\u00fcgung gestellt werden, um zu pr\u00fcfen, ob Sie diesen verwenden. Die Datenschutzrichtlinie des Gravatar-Dienstes finden Sie hier: https:\/\/automattic.com\/privacy\/. Nachdem Ihr Kommentar freigegeben wurde, ist Ihr Profilbild im Kontext Ihres Kommentars \u00f6ffentlich sichtbar.<\/p>\n\n\n\n<h3 class=\"wp-block-heading\">Medien<\/h3>\n\n\n\n<p>Wenn Sie Bilder auf die Website hochladen, sollten Sie das Hochladen von Bildern mit eingebetteten Standortdaten (EXIF GPS) vermeiden. Besucher der Website k\u00f6nnten Standortdaten aus Bildern, die auf der Website gespeichert sind, herunterladen und extrahieren.<\/p>\n\n\n\n<h3 class=\"wp-block-heading\">Kontaktformulare<\/h3>\n\n\n\n<p>Cras in nisi id turpis cursus vulputate. Aliquam at sapien non tellus congue efficitur. Nam scelerisque quam quis turpis pellentesque, in placerat erat laoreet. Integer-Portfolio, das vorab verwendet wird, ohne dass die Pellets entfernt werden. Fusce non pretium lacus, id malesuada dui. Sed dapibus nec neque quis tempor\u00e4r. Pellentesque convallis sodales odio und varius. Fusce id odio sit amet mi convallis lacinia. Vivamus vel facilisis ante, ac aliquet turpis. Nam vel sapien a ligula mollis accumsan.<\/p>\n\n\n\n<h3 class=\"wp-block-heading\">Dieses Portal verwendet Cookies zur Optimierung der Browserfunktion. Informieren Sie sich, wie wir Cookies verwenden und wie Sie Ihre Einstellungen \u00e4ndern k\u00f6nnen.<\/h3>\n\n\n\n<p>Wenn Sie einen Kommentar auf unserer Website hinterlassen, kann das eine Einwilligung zur Speicherung Ihres Namens, Ihrer E-Mail-Adresse und Ihrer Website in Cookies sein. Dies dient Ihrer Bequemlichkeit, damit Sie diese Daten nicht erneut eingeben m\u00fcssen, wenn Sie einen weiteren Kommentar hinterlassen. Diese Cookies werden ein Jahr lang gespeichert.<\/p>\n\n\n\n<p>Wenn Sie ein Konto haben und sich auf dieser Website anmelden, werden wir ein tempor\u00e4res Cookie setzen, um festzustellen, ob Ihr Browser Cookies akzeptiert. Dieses Cookie enth\u00e4lt keine personenbezogenen Daten und wird verworfen, wenn Sie Ihren Browser schlie\u00dfen.<\/p>\n\n\n\n<p>Wenn Sie sich anmelden, werden wir au\u00dferdem mehrere Cookies einrichten, um Ihre Anmeldeinformationen und Ihre Anzeigeoptionen zu speichern. Anmelde-Cookies verfallen zwei Tage lang und Cookies f\u00fcr Anzeigeoptionen ein Jahr lang. Wenn Sie \u201eAngemeldet bleiben\u201c ausw\u00e4hlen, bleibt Ihre Anmeldung zwei Wochen lang bestehen. Wenn Sie sich von Ihrem Konto abmelden, werden die Anmelde-Cookies gel\u00f6scht.<\/p>\n\n\n\n<p>Wenn Sie einen Artikel bearbeiten oder ver\u00f6ffentlichen, wird ein zus\u00e4tzlicher Cookie in Ihrem Browser gespeichert. Dieser Cookie enth\u00e4lt keine personenbezogenen Daten und gibt lediglich die Beitrags-ID des Artikels an, den Sie gerade bearbeitet haben. Er verf\u00e4llt nach einem Tag.<\/p>\n\n\n\n<h3 class=\"wp-block-heading\">Eingebettete Inhalte von anderen Websites<\/h3>\n\n\n\n<p>Beitr\u00e4ge auf dieser Website k\u00f6nnen eingebettete Inhalte beinhalten (z. B. Videos, Bilder, Beitr\u00e4ge etc.). Eingebettete Inhalte von anderen Websites verhalten sich exakt so, als ob der Besucher die andere Website besucht h\u00e4tte.<\/p>\n\n\n\n<p>Diese Websites k\u00f6nnen Daten \u00fcber Sie sammeln, Cookies benutzen, zus\u00e4tzliche Tracking-Dienste von Dritten einbetten und Ihre Interaktion mit diesem eingebetteten Inhalt aufzeichnen, inklusive Ihrer Interaktion mit dem eingebetteten Inhalt, falls Sie ein Konto haben und auf dieser Website angemeldet sind.<\/p>\n\n\n\n<h3 class=\"wp-block-heading\">Analyse<\/h3>\n\n\n\n<p>Cras in nisi id turpis cursus vulputate. Aliquam at sapien non tellus congue efficitur. Nam scelerisque quam quis turpis pellentesque, in placerat erat laoreet. Integer-Portfolio, das vorab verwendet wird, ohne dass die Pellets entfernt werden. Fusce non pretium lacus, id malesuada dui. Sed dapibus nec neque quis tempor\u00e4r. Pellentesque convallis sodales odio und varius. Fusce id odio sit amet mi convallis lacinia. Vivamus vel facilisis ante, ac aliquet turpis. Nam vel sapien a ligula mollis accumsan.<\/p>\n\n\n\n<h2 class=\"wp-block-heading\">Mit wem wir Ihre Daten teilen<\/h2>\n\n\n\n<p>Nulla in condimentum sem, id tempus enim. Praesent auctor tristique eros, eget convallis leo. Nam dictum eleifend justo ac porta. Etiam congue varius justo ut finibus. Curabitur non elit eget urna faucibus bibendum a sed lorem. Etiam placerat malesuada lacus vel volutpat. Quisque a eros felis. Donec ante nibh, pharetra eget nunc nec, bibendum blandit risus. Aliquam sagittis lorem ac felis sollicitudin, at porta tortor dictum. Maecenas dapibus libero tellus, ut posuere augue malesuada ut. Mauris ac maximus ante, porttitor viverra orci. Cras dignissim, risus non iaculis faucibus, arcu odio efficitur magna, at congue eros mauris sit amet nisi. Die Klasse ist in der Lage, sich stillschweigend an die litoratische Zeit zu wenden, um uns zu unterhalten, und zwar durch inceptos himenaeos.<\/p>\n\n\n\n<h2 class=\"wp-block-heading\">Wie lange wir Ihre Daten speichern<\/h2>\n\n\n\n<p>Wenn Sie einen Kommentar hinterlassen, werden dieser und seine Metadaten zeitlich unbegrenzt gespeichert. Auf diese Weise k\u00f6nnen wir Folgekommentare automatisch erkennen und freigeben, anstatt sie in einer Moderationswarteschlange festzuhalten.<\/p>\n\n\n\n<p>F\u00fcr Benutzer, die sich auf unserer Website registrieren (falls vorhanden), speichern wir zus\u00e4tzlich die pers\u00f6nlichen Informationen, die sie in ihren Benutzerprofilen angeben. Alle Benutzer k\u00f6nnen ihre pers\u00f6nlichen Informationen jederzeit einsehen, bearbeiten oder l\u00f6schen (der Benutzername kann nicht ge\u00e4ndert werden). Website-Administratoren k\u00f6nnen diese Informationen ebenfalls einsehen und bearbeiten.<\/p>\n\n\n\n<h2 class=\"wp-block-heading\">Welche Rechte du an deinen Daten hast<\/h2>\n\n\n\n<p>Wenn Sie ein Konto auf dieser Site besitzen oder Kommentare geschrieben haben, k\u00f6nnen Sie einen Export Ihrer bei uns gespeicherten personenbezogenen Daten anfordern, inklusive aller Daten, die Sie uns mitgeteilt haben. Dar\u00fcber hinaus k\u00f6nnen Sie die L\u00f6schung aller von Ihnen gespeicherten personenbezogenen Daten anfordern. Dies umfasst nicht die Daten, die wir aufgrund administrativer, rechtlicher oder sicherheitsrelevanter Notwendigkeiten aufbewahren m\u00fcssen.<\/p>\n\n\n\n<h2 class=\"wp-block-heading\">Wohin wir Ihre Daten senden<\/h2>\n\n\n\n<p>Besucherkommentare k\u00f6nnten von einem automatisierten Dienst zur Spam-Erkennung untersucht werden.<\/p>\n\n\n\n<h2 class=\"wp-block-heading\">Ihre Kontaktinformationen<\/h2>\n\n\n\n<p>Nulla in condimentum sem, id tempus enim. Praesent auctor tristique eros, eget convallis leo. Nam dictum eleifend justo ac porta. Etiam congue varius justo ut finibus. Curabitur non elit eget urna faucibus bibendum a sed lorem. Etiam placerat malesuada lacus vel volutpat. Quisque a eros felis. Donec ante nibh, pharetra eget nunc nec, bibendum blandit risus. Aliquam sagittis lorem ac felis sollicitudin, at porta tortor dictum. Maecenas dapibus libero tellus, ut posuere augue malesuada ut. Mauris ac maximus ante, porttitor viverra orci. Cras dignissim, risus non iaculis faucibus, arcu odio efficitur magna, at congue eros mauris sit amet nisi. Die Klasse ist in der Lage, sich stillschweigend an die litoratische Zeit zu wenden, um uns zu unterhalten, und zwar durch inceptos himenaeos.<\/p>\n\n\n\n<h2 class=\"wp-block-heading\">Weitere Informationen<\/h2>\n\n\n\n<p>Die Klasse ist in der Lage, sich stillschweigend an die litoratische Zeit zu wenden, um uns zu unterhalten, und zwar durch inceptos himenaeos. In tempus, erat eget tincidunt elementum, mauris quam laoreet erat, in porttitor sem eros sit amet nibh. Nulla sit amet volutpat risus. Maecenas pharetra nisl nec egestas sollicitudin.<\/p>\n\n\n\n<h3 class=\"wp-block-heading\">So sch\u00fctzen wir Ihre Daten<\/h3>\n\n\n\n<p>Donec nec eros quis urna rhoncus tempor nec eget augue. Orci varius natoque penatibus et magnis dis parturient montes, nascetur absurdiculus mus. Aenean posuere augue libero, vitae accumsan lacus efficitur vel. Nam tristique aliquet eros, nec elementum nisi.<\/p>\n\n\n\n<h3 class=\"wp-block-heading\">Welche Ma\u00dfnahmen wir bei Datenschutzverletzungen anwenden<\/h3>\n\n\n\n<p>Cras sapien ex, finibus ut interdum a, varius hendrerit felis. Der Lobortis lorem sitzt am unteren Ende des R\u00fcckens und verblasst am R\u00fccken. Aliquam erat volutpat. Duis tincidunt, turpis ut porta malesuada, ante felis lobortis ante, in eleifend nibh nisl quis nibh. Lorem ipsum dolor sit amet, consectetur adipiscing elit. Duis id rhoncus augue, bei consectetur metus. Curabitur sodales massa sit amet tincidunt feugiat. Fusce malesuada nisl eget nibh accumsan consectetur. Sed suscipit congue hendririt. Ut ut erat lorem.<\/p>\n\n\n\n<h3 class=\"wp-block-heading\">Von welchen Drittanbietern wir Daten erhalten<\/h3>\n\n\n\n<p>Praesent magna lacus, faucibus ac sapien vel, efficitur ullamcorper ipsum. Maecenas varius risus bei ipsum hendrerit, non aliquet sem scelerisque. Vestibulum vel augue eget nbh laoreet ut ultricies sapien. Aliquam sit amet velit egestas, ultrices lacus ut, elementum sapien.<\/p>\n\n\n\n<h3 class=\"wp-block-heading\">Welche automatisierte Entscheidungsfindung und\/oder Profilerstellung wir mit Benutzerdaten durchf\u00fchren<\/h3>\n\n\n\n<p>Fusce eget augue commodo mi willicitudin finibus. Donec bibendum augue in erat porttitor, id pharetra purus mattis. Integer gravida ornare auctor. Sed mauris libero, pretium consectetur cursus eu, blandit at arcu. Morbi justo turpis, vulputate et elementum non, dapibus at ante. Morbi id augue id justo pulvinar elementum. Donec volutpat quam quis porta maximus.<\/p>\n\n\n\n<h3 class=\"wp-block-heading\">Offenlegungspflichten der Industrie<\/h3>\n\n\n\n<p>Etiam congue varius justo ut finibus. Curabitur non elit eget urna faucibus bibendum a sed lorem. Etiam placerat malesuada lacus vel volutpat. Quisque a eros felis. Donec ante nibh, pharetra eget nunc nec, bibendum blandit risus. Aliquam sagittis lorem ac felis sollicitudin, at porta tortor dictum. Maecenas dapibus libero tellus, ut posuere augue malesuada ut. Mauris ac maximus ante, porttitor viverra orci. Cras dignissim, risus non iaculis faucibus, arcu odio efficitur magna, at congue eros mauris sit amet nisi. Die Klasse ist in der Lage, sich stillschweigend an die litoratische Zeit zu wenden, um uns zu unterhalten, und zwar durch inceptos himenaeos.<\/p>","protected":false},"excerpt":{"rendered":"<p>Who we are Our website address is: https:\/\/mercurytheme.com. What personal data we collect and why we collect it Comments When visitors leave comments on the site we collect the data shown in the comments form, and also the visitor\u2019s IP address and browser user agent string to help spam detection. An anonymized string created from [&hellip;]<\/p>\n","protected":false},"author":1,"featured_media":0,"parent":0,"menu_order":0,"comment_status":"closed","ping_status":"closed","template":"","meta":{"footnotes":""},"class_list":["post-127","page","type-page","status-publish","hentry"],"yoast_head":"<!-- This site is optimized with the Yoast SEO plugin v27.3 - https:\/\/yoast.com\/product\/yoast-seo-wordpress\/ -->\n<title>Privacy Policy - Centimeters to Calculator<\/title>\n<meta name=\"robots\" content=\"index, follow, max-snippet:-1, max-image-preview:large, max-video-preview:-1\" \/>\n<link rel=\"canonical\" href=\"https:\/\/centimeters.to\/de\/privacy-policy-2\/\" \/>\n<meta property=\"og:locale\" content=\"de_DE\" \/>\n<meta property=\"og:type\" content=\"article\" \/>\n<meta property=\"og:title\" content=\"Privacy Policy - Centimeters to Calculator\" \/>\n<meta property=\"og:description\" content=\"Who we are Our website address is: https:\/\/mercurytheme.com. What personal data we collect and why we collect it Comments When visitors leave comments on the site we collect the data shown in the comments form, and also the visitor\u2019s IP address and browser user agent string to help spam detection. An anonymized string created from [&hellip;]\" \/>\n<meta property=\"og:url\" content=\"https:\/\/centimeters.to\/de\/privacy-policy-2\/\" \/>\n<meta property=\"og:site_name\" content=\"Centimeters to Calculator\" \/>\n<meta name=\"twitter:card\" content=\"summary_large_image\" \/>\n<meta name=\"twitter:label1\" content=\"Gesch\u00e4tzte Lesezeit\" \/>\n\t<meta name=\"twitter:data1\" content=\"7\u00a0Minuten\" \/>\n<script type=\"application\/ld+json\" class=\"yoast-schema-graph\">{\"@context\":\"https:\\\/\\\/schema.org\",\"@graph\":[{\"@type\":\"WebPage\",\"@id\":\"https:\\\/\\\/centimeters.to\\\/privacy-policy-2\\\/\",\"url\":\"https:\\\/\\\/centimeters.to\\\/privacy-policy-2\\\/\",\"name\":\"Privacy Policy - Centimeters to Calculator\",\"isPartOf\":{\"@id\":\"https:\\\/\\\/centimeters.to\\\/#website\"},\"datePublished\":\"2022-12-27T17:58:31+00:00\",\"breadcrumb\":{\"@id\":\"https:\\\/\\\/centimeters.to\\\/privacy-policy-2\\\/#breadcrumb\"},\"inLanguage\":\"de\",\"potentialAction\":[{\"@type\":\"ReadAction\",\"target\":[\"https:\\\/\\\/centimeters.to\\\/privacy-policy-2\\\/\"]}]},{\"@type\":\"BreadcrumbList\",\"@id\":\"https:\\\/\\\/centimeters.to\\\/privacy-policy-2\\\/#breadcrumb\",\"itemListElement\":[{\"@type\":\"ListItem\",\"position\":1,\"name\":\"Home\",\"item\":\"https:\\\/\\\/centimeters.to\\\/\"},{\"@type\":\"ListItem\",\"position\":2,\"name\":\"Privacy Policy\"}]},{\"@type\":\"WebSite\",\"@id\":\"https:\\\/\\\/centimeters.to\\\/#website\",\"url\":\"https:\\\/\\\/centimeters.to\\\/\",\"name\":\"Centimeters to Calculator\",\"description\":\"Convert from CM to any other metric with ease.\",\"publisher\":{\"@id\":\"https:\\\/\\\/centimeters.to\\\/#organization\"},\"potentialAction\":[{\"@type\":\"SearchAction\",\"target\":{\"@type\":\"EntryPoint\",\"urlTemplate\":\"https:\\\/\\\/centimeters.to\\\/?s={search_term_string}\"},\"query-input\":{\"@type\":\"PropertyValueSpecification\",\"valueRequired\":true,\"valueName\":\"search_term_string\"}}],\"inLanguage\":\"de\"},{\"@type\":\"Organization\",\"@id\":\"https:\\\/\\\/centimeters.to\\\/#organization\",\"name\":\"Centimeters to Calculator\",\"url\":\"https:\\\/\\\/centimeters.to\\\/\",\"logo\":{\"@type\":\"ImageObject\",\"inLanguage\":\"de\",\"@id\":\"https:\\\/\\\/centimeters.to\\\/#\\\/schema\\\/logo\\\/image\\\/\",\"url\":\"https:\\\/\\\/centimeters.to\\\/wp-content\\\/uploads\\\/2025\\\/06\\\/cropped-centimeters_rectangular_logo.png\",\"contentUrl\":\"https:\\\/\\\/centimeters.to\\\/wp-content\\\/uploads\\\/2025\\\/06\\\/cropped-centimeters_rectangular_logo.png\",\"width\":512,\"height\":160,\"caption\":\"Centimeters to Calculator\"},\"image\":{\"@id\":\"https:\\\/\\\/centimeters.to\\\/#\\\/schema\\\/logo\\\/image\\\/\"}}]}<\/script>\n<!-- \/ Yoast SEO plugin. -->","yoast_head_json":{"title":"Datenschutzrichtlinie - Zentimeter-Rechner","robots":{"index":"index","follow":"follow","max-snippet":"max-snippet:-1","max-image-preview":"max-image-preview:large","max-video-preview":"max-video-preview:-1"},"canonical":"https:\/\/centimeters.to\/de\/privacy-policy-2\/","og_locale":"de_DE","og_type":"article","og_title":"Privacy Policy - Centimeters to Calculator","og_description":"Who we are Our website address is: https:\/\/mercurytheme.com. What personal data we collect and why we collect it Comments When visitors leave comments on the site we collect the data shown in the comments form, and also the visitor\u2019s IP address and browser user agent string to help spam detection. An anonymized string created from [&hellip;]","og_url":"https:\/\/centimeters.to\/de\/privacy-policy-2\/","og_site_name":"Centimeters to Calculator","twitter_card":"summary_large_image","twitter_misc":{"Gesch\u00e4tzte Lesezeit":"7\u00a0Minuten"},"schema":{"@context":"https:\/\/schema.org","@graph":[{"@type":"WebPage","@id":"https:\/\/centimeters.to\/privacy-policy-2\/","url":"https:\/\/centimeters.to\/privacy-policy-2\/","name":"Datenschutzrichtlinie - Zentimeter-Rechner","isPartOf":{"@id":"https:\/\/centimeters.to\/#website"},"datePublished":"2022-12-27T17:58:31+00:00","breadcrumb":{"@id":"https:\/\/centimeters.to\/privacy-policy-2\/#breadcrumb"},"inLanguage":"de","potentialAction":[{"@type":"ReadAction","target":["https:\/\/centimeters.to\/privacy-policy-2\/"]}]},{"@type":"BreadcrumbList","@id":"https:\/\/centimeters.to\/privacy-policy-2\/#breadcrumb","itemListElement":[{"@type":"ListItem","position":1,"name":"Home","item":"https:\/\/centimeters.to\/"},{"@type":"ListItem","position":2,"name":"Privacy Policy"}]},{"@type":"WebSite","@id":"https:\/\/centimeters.to\/#website","url":"https:\/\/centimeters.to\/","name":"Zentimeter zum Rechner","description":"Einfache Konvertierung von CM in jede andere Ma\u00dfeinheit.","publisher":{"@id":"https:\/\/centimeters.to\/#organization"},"potentialAction":[{"@type":"SearchAction","target":{"@type":"EntryPoint","urlTemplate":"https:\/\/centimeters.to\/?s={search_term_string}"},"query-input":{"@type":"PropertyValueSpecification","valueRequired":true,"valueName":"search_term_string"}}],"inLanguage":"de"},{"@type":"Organization","@id":"https:\/\/centimeters.to\/#organization","name":"Zentimeter zum Rechner","url":"https:\/\/centimeters.to\/","logo":{"@type":"ImageObject","inLanguage":"de","@id":"https:\/\/centimeters.to\/#\/schema\/logo\/image\/","url":"https:\/\/centimeters.to\/wp-content\/uploads\/2025\/06\/cropped-centimeters_rectangular_logo.png","contentUrl":"https:\/\/centimeters.to\/wp-content\/uploads\/2025\/06\/cropped-centimeters_rectangular_logo.png","width":512,"height":160,"caption":"Centimeters to Calculator"},"image":{"@id":"https:\/\/centimeters.to\/#\/schema\/logo\/image\/"}}]}},"_links":{"self":[{"href":"https:\/\/centimeters.to\/de\/wp-json\/wp\/v2\/pages\/127","targetHints":{"allow":["GET"]}}],"collection":[{"href":"https:\/\/centimeters.to\/de\/wp-json\/wp\/v2\/pages"}],"about":[{"href":"https:\/\/centimeters.to\/de\/wp-json\/wp\/v2\/types\/page"}],"author":[{"embeddable":true,"href":"https:\/\/centimeters.to\/de\/wp-json\/wp\/v2\/users\/1"}],"replies":[{"embeddable":true,"href":"https:\/\/centimeters.to\/de\/wp-json\/wp\/v2\/comments?post=127"}],"version-history":[{"count":0,"href":"https:\/\/centimeters.to\/de\/wp-json\/wp\/v2\/pages\/127\/revisions"}],"wp:attachment":[{"href":"https:\/\/centimeters.to\/de\/wp-json\/wp\/v2\/media?parent=127"}],"curies":[{"name":"wp","href":"https:\/\/api.w.org\/{rel}","templated":true}]}}