{"id":1825,"date":"2024-09-18T19:03:25","date_gmt":"2024-09-18T19:03:25","guid":{"rendered":"https:\/\/centimeters.to\/?page_id=1825"},"modified":"2024-09-18T19:03:26","modified_gmt":"2024-09-18T19:03:26","slug":"about-us","status":"publish","type":"page","link":"https:\/\/centimeters.to\/es\/sobre-nosotros\/","title":{"rendered":"Sobre nosotros"},"content":{"rendered":"<p>Bienvenido a Centimeters.to, tu recurso de referencia para realizar conversiones f\u00e1ciles, precisas y r\u00e1pidas entre distintas unidades de medida. Tanto si eres un estadounidense que explora el mundo como si eres alguien que intenta entender el sistema imperial, estamos aqu\u00ed para simplificar las cosas.<\/p>\n\n\n\n<p>Nuestra misi\u00f3n es brindar una experiencia perfecta al convertir pulgadas, pies, mil\u00edmetros, cent\u00edmetros, kil\u00f3metros, metros, yardas y millas. No m\u00e1s c\u00e1lculos complicados ni conjeturas: solo conversiones confiables a su alcance.<\/p>\n\n\n\n<p>Centimeters.to fue creado pensando en todos y tiene como objetivo cerrar la brecha entre los sistemas m\u00e9trico e imperial. Entendemos lo frustrante que puede ser encontrarse con unidades desconocidas, especialmente cuando se viaja o se trabaja en proyectos. Por eso, dise\u00f1amos una herramienta que es tan f\u00e1cil de usar como eficiente.<\/p>\n\n\n\n<p>Centimeters.to es perfecto para:<\/p>\n\n\n\n<ul class=\"wp-block-list\">\n<li>Los estadounidenses se enfrentan a medidas m\u00e9tricas mientras est\u00e1n en el extranjero<\/li>\n\n\n\n<li>Visitantes internacionales o profesionales que intentan comprender las unidades tradicionales de EE. UU.<\/li>\n\n\n\n<li>Estudiantes, viajeros y cualquier persona que necesite conversiones de unidades r\u00e1pidas y precisas.<\/li>\n<\/ul>\n\n\n\n<p>En Centimeters.to, creemos en hacer la vida m\u00e1s f\u00e1cil, una conversi\u00f3n a la vez.<\/p>\n\n\n\n<p>\u00a1Empiece a convertir hoy mismo y descubra lo sencillo que puede ser!<\/p>","protected":false},"excerpt":{"rendered":"<p>Welcome to Centimeters.to, your go-to resource for easy, accurate, and fast conversions between different units of measurement. Whether you&#8217;re an American exploring the world, or someone trying to make sense of the imperial system, we\u2019re here to simplify things. Our mission is to provide a seamless experience when converting inches, feet, millimeters, centimeters, kilometers, meters, [&hellip;]<\/p>\n","protected":false},"author":1,"featured_media":0,"parent":0,"menu_order":0,"comment_status":"closed","ping_status":"closed","template":"","meta":{"footnotes":""},"class_list":["post-1825","page","type-page","status-publish","hentry"],"yoast_head":"<!-- This site is optimized with the Yoast SEO plugin v27.3 - https:\/\/yoast.com\/product\/yoast-seo-wordpress\/ -->\n<title>About Us - Centimeters to Calculator<\/title>\n<meta name=\"robots\" content=\"index, follow, max-snippet:-1, max-image-preview:large, max-video-preview:-1\" \/>\n<link rel=\"canonical\" href=\"https:\/\/centimeters.to\/es\/about-us\/\" \/>\n<meta property=\"og:locale\" content=\"es_ES\" \/>\n<meta property=\"og:type\" content=\"article\" \/>\n<meta property=\"og:title\" content=\"About Us - Centimeters to Calculator\" \/>\n<meta property=\"og:description\" content=\"Welcome to Centimeters.to, your go-to resource for easy, accurate, and fast conversions between different units of measurement. Whether you&#8217;re an American exploring the world, or someone trying to make sense of the imperial system, we\u2019re here to simplify things. Our mission is to provide a seamless experience when converting inches, feet, millimeters, centimeters, kilometers, meters, [&hellip;]\" \/>\n<meta property=\"og:url\" content=\"https:\/\/centimeters.to\/es\/about-us\/\" \/>\n<meta property=\"og:site_name\" content=\"Centimeters to Calculator\" \/>\n<meta property=\"article:modified_time\" content=\"2024-09-18T19:03:26+00:00\" \/>\n<meta name=\"twitter:card\" content=\"summary_large_image\" \/>\n<meta name=\"twitter:label1\" content=\"Tiempo de lectura\" \/>\n\t<meta name=\"twitter:data1\" content=\"1 minuto\" \/>\n<script type=\"application\/ld+json\" class=\"yoast-schema-graph\">{\"@context\":\"https:\\\/\\\/schema.org\",\"@graph\":[{\"@type\":\"WebPage\",\"@id\":\"https:\\\/\\\/centimeters.to\\\/about-us\\\/\",\"url\":\"https:\\\/\\\/centimeters.to\\\/about-us\\\/\",\"name\":\"About Us - Centimeters to Calculator\",\"isPartOf\":{\"@id\":\"https:\\\/\\\/centimeters.to\\\/#website\"},\"datePublished\":\"2024-09-18T19:03:25+00:00\",\"dateModified\":\"2024-09-18T19:03:26+00:00\",\"breadcrumb\":{\"@id\":\"https:\\\/\\\/centimeters.to\\\/about-us\\\/#breadcrumb\"},\"inLanguage\":\"es\",\"potentialAction\":[{\"@type\":\"ReadAction\",\"target\":[\"https:\\\/\\\/centimeters.to\\\/about-us\\\/\"]}]},{\"@type\":\"BreadcrumbList\",\"@id\":\"https:\\\/\\\/centimeters.to\\\/about-us\\\/#breadcrumb\",\"itemListElement\":[{\"@type\":\"ListItem\",\"position\":1,\"name\":\"Home\",\"item\":\"https:\\\/\\\/centimeters.to\\\/\"},{\"@type\":\"ListItem\",\"position\":2,\"name\":\"About Us\"}]},{\"@type\":\"WebSite\",\"@id\":\"https:\\\/\\\/centimeters.to\\\/#website\",\"url\":\"https:\\\/\\\/centimeters.to\\\/\",\"name\":\"Centimeters to Calculator\",\"description\":\"Convert from CM to any other metric with ease.\",\"publisher\":{\"@id\":\"https:\\\/\\\/centimeters.to\\\/#organization\"},\"potentialAction\":[{\"@type\":\"SearchAction\",\"target\":{\"@type\":\"EntryPoint\",\"urlTemplate\":\"https:\\\/\\\/centimeters.to\\\/?s={search_term_string}\"},\"query-input\":{\"@type\":\"PropertyValueSpecification\",\"valueRequired\":true,\"valueName\":\"search_term_string\"}}],\"inLanguage\":\"es\"},{\"@type\":\"Organization\",\"@id\":\"https:\\\/\\\/centimeters.to\\\/#organization\",\"name\":\"Centimeters to Calculator\",\"url\":\"https:\\\/\\\/centimeters.to\\\/\",\"logo\":{\"@type\":\"ImageObject\",\"inLanguage\":\"es\",\"@id\":\"https:\\\/\\\/centimeters.to\\\/#\\\/schema\\\/logo\\\/image\\\/\",\"url\":\"https:\\\/\\\/centimeters.to\\\/wp-content\\\/uploads\\\/2025\\\/06\\\/cropped-centimeters_rectangular_logo.png\",\"contentUrl\":\"https:\\\/\\\/centimeters.to\\\/wp-content\\\/uploads\\\/2025\\\/06\\\/cropped-centimeters_rectangular_logo.png\",\"width\":512,\"height\":160,\"caption\":\"Centimeters to Calculator\"},\"image\":{\"@id\":\"https:\\\/\\\/centimeters.to\\\/#\\\/schema\\\/logo\\\/image\\\/\"}}]}<\/script>\n<!-- \/ Yoast SEO plugin. -->","yoast_head_json":{"title":"Acerca de nosotros - Calculadora de cent\u00edmetros","robots":{"index":"index","follow":"follow","max-snippet":"max-snippet:-1","max-image-preview":"max-image-preview:large","max-video-preview":"max-video-preview:-1"},"canonical":"https:\/\/centimeters.to\/es\/about-us\/","og_locale":"es_ES","og_type":"article","og_title":"About Us - Centimeters to Calculator","og_description":"Welcome to Centimeters.to, your go-to resource for easy, accurate, and fast conversions between different units of measurement. Whether you&#8217;re an American exploring the world, or someone trying to make sense of the imperial system, we\u2019re here to simplify things. Our mission is to provide a seamless experience when converting inches, feet, millimeters, centimeters, kilometers, meters, [&hellip;]","og_url":"https:\/\/centimeters.to\/es\/about-us\/","og_site_name":"Centimeters to Calculator","article_modified_time":"2024-09-18T19:03:26+00:00","twitter_card":"summary_large_image","twitter_misc":{"Tiempo de lectura":"1 minuto"},"schema":{"@context":"https:\/\/schema.org","@graph":[{"@type":"WebPage","@id":"https:\/\/centimeters.to\/about-us\/","url":"https:\/\/centimeters.to\/about-us\/","name":"Acerca de nosotros - Calculadora de cent\u00edmetros","isPartOf":{"@id":"https:\/\/centimeters.to\/#website"},"datePublished":"2024-09-18T19:03:25+00:00","dateModified":"2024-09-18T19:03:26+00:00","breadcrumb":{"@id":"https:\/\/centimeters.to\/about-us\/#breadcrumb"},"inLanguage":"es","potentialAction":[{"@type":"ReadAction","target":["https:\/\/centimeters.to\/about-us\/"]}]},{"@type":"BreadcrumbList","@id":"https:\/\/centimeters.to\/about-us\/#breadcrumb","itemListElement":[{"@type":"ListItem","position":1,"name":"Home","item":"https:\/\/centimeters.to\/"},{"@type":"ListItem","position":2,"name":"About Us"}]},{"@type":"WebSite","@id":"https:\/\/centimeters.to\/#website","url":"https:\/\/centimeters.to\/","name":"Calculadora de cent\u00edmetros a pulgadas","description":"Convierta de CM a cualquier otra m\u00e9trica con facilidad.","publisher":{"@id":"https:\/\/centimeters.to\/#organization"},"potentialAction":[{"@type":"SearchAction","target":{"@type":"EntryPoint","urlTemplate":"https:\/\/centimeters.to\/?s={search_term_string}"},"query-input":{"@type":"PropertyValueSpecification","valueRequired":true,"valueName":"search_term_string"}}],"inLanguage":"es"},{"@type":"Organization","@id":"https:\/\/centimeters.to\/#organization","name":"Calculadora de cent\u00edmetros a pulgadas","url":"https:\/\/centimeters.to\/","logo":{"@type":"ImageObject","inLanguage":"es","@id":"https:\/\/centimeters.to\/#\/schema\/logo\/image\/","url":"https:\/\/centimeters.to\/wp-content\/uploads\/2025\/06\/cropped-centimeters_rectangular_logo.png","contentUrl":"https:\/\/centimeters.to\/wp-content\/uploads\/2025\/06\/cropped-centimeters_rectangular_logo.png","width":512,"height":160,"caption":"Centimeters to Calculator"},"image":{"@id":"https:\/\/centimeters.to\/#\/schema\/logo\/image\/"}}]}},"_links":{"self":[{"href":"https:\/\/centimeters.to\/es\/wp-json\/wp\/v2\/pages\/1825","targetHints":{"allow":["GET"]}}],"collection":[{"href":"https:\/\/centimeters.to\/es\/wp-json\/wp\/v2\/pages"}],"about":[{"href":"https:\/\/centimeters.to\/es\/wp-json\/wp\/v2\/types\/page"}],"author":[{"embeddable":true,"href":"https:\/\/centimeters.to\/es\/wp-json\/wp\/v2\/users\/1"}],"replies":[{"embeddable":true,"href":"https:\/\/centimeters.to\/es\/wp-json\/wp\/v2\/comments?post=1825"}],"version-history":[{"count":1,"href":"https:\/\/centimeters.to\/es\/wp-json\/wp\/v2\/pages\/1825\/revisions"}],"predecessor-version":[{"id":1826,"href":"https:\/\/centimeters.to\/es\/wp-json\/wp\/v2\/pages\/1825\/revisions\/1826"}],"wp:attachment":[{"href":"https:\/\/centimeters.to\/es\/wp-json\/wp\/v2\/media?parent=1825"}],"curies":[{"name":"wp","href":"https:\/\/api.w.org\/{rel}","templated":true}]}}