{"id":127,"date":"2022-12-27T17:58:31","date_gmt":"2022-12-27T17:58:31","guid":{"rendered":"https:\/\/export.mercurytheme.com\/012\/?page_id=127"},"modified":"2022-12-27T17:58:31","modified_gmt":"2022-12-27T17:58:31","slug":"privacy-policy-2","status":"publish","type":"page","link":"https:\/\/centimeters.to\/fr\/politique-de-confidentialite-2\/","title":{"rendered":"politique de confidentialit\u00e9"},"content":{"rendered":"<h2 class=\"wp-block-heading\">Qui sommes-nous<\/h2>\n\n\n\n<p>L&#039;adresse de notre site Web est : https:\/\/mercurytheme.com.<\/p>\n\n\n\n<h2 class=\"wp-block-heading\">Quelles donn\u00e9es personnelles nous collectons et pourquoi nous les collectons<\/h2>\n\n\n\n<h3 class=\"wp-block-heading\">Commentaires<\/h3>\n\n\n\n<p>Lorsque les visiteurs laissent des commentaires sur le site, nous collectons les donn\u00e9es affich\u00e9es dans le formulaire de commentaires, ainsi que l&#039;adresse IP du visiteur et la cha\u00eene de l&#039;agent utilisateur du navigateur pour aider \u00e0 la d\u00e9tection du spam.<\/p>\n\n\n\n<p>Une cha\u00eene anonymis\u00e9e cr\u00e9\u00e9e \u00e0 partir de votre adresse e-mail (\u00e9galement appel\u00e9e hash) peut \u00eatre envoy\u00e9e au service Gravatar pour v\u00e9rifier si vous l&#039;utilisez. La politique de confidentialit\u00e9 du service Gravatar est disponible ici : https:\/\/automattic.com\/privacy\/. Apr\u00e8s approbation de votre commentaire, votre photo de profil sera visible publiquement \u00e0 cot\u00e9 de votre commentaire.<\/p>\n\n\n\n<h3 class=\"wp-block-heading\">M\u00e9dias<\/h3>\n\n\n\n<p>Si vous t\u00e9l\u00e9chargez des images sur le site web, \u00e9vitez de t\u00e9l\u00e9charger des images contenant des donn\u00e9es de localisation int\u00e9gr\u00e9es (EXIF GPS). Les visiteurs du site web peuvent t\u00e9l\u00e9charger et extraire toutes les donn\u00e9es de localisation des images pr\u00e9sentes sur le site web.<\/p>\n\n\n\n<h3 class=\"wp-block-heading\">Formulaires de contact<\/h3>\n\n\n\n<p>Cras en nisi id turpis cursus vulputate. Aliquam \u00e0 sapien non tellus congue efficitur. Nam scelerisque quam quis turpis pellentesque, in placerat erat laoreet. Porttitor entier malesuada ante, nec aliquet dui pellentesque sit amet. Fusce non pretium lacus, id malesuada dui. Sed dapibus nec neque quis tempo. Pellentesque convallis sodales odio at varius. Fusce id odio sit amet mi convallis lacinia. Vivamus vel facilisis ante, ac aliquet turpis. Nam vel sapien a ligula mollis accumsan.<\/p>\n\n\n\n<h3 class=\"wp-block-heading\">Cookies<\/h3>\n\n\n\n<p>Si vous d\u00e9posez un commentaire sur notre site, il vous sera propos\u00e9 d&#039;enregistrer votre nom, votre adresse e-mail et votre site web dans des cookies. Ces cookies sont uniquement destin\u00e9s \u00e0 votre confort afin de ne pas avoir \u00e0 saisir \u00e0 nouveau ces informations si vous d\u00e9posez un autre commentaire. Ces cookies expirent au bout d&#039;un an.<\/p>\n\n\n\n<p>Si vous visitez notre page de connexion, nous installerons un cookie temporaire afin de d\u00e9terminer si votre navigateur accepte les cookies. Ce cookie ne contient aucune donn\u00e9e personnelle et sera supprim\u00e9 lorsque vous fermerez votre navigateur.<\/p>\n\n\n\n<p>Lorsque vous vous connectez, nous mettons en place un certain nombre de cookies pour enregistrer vos informations de connexion et vos pr\u00e9f\u00e9rences d\u2019affichage \u00e0 l\u2019\u00e9cran. La dur\u00e9e de vie d\u2019un cookie de connexion est de deux jours, celle d\u2019un cookie d\u2019option d\u2019affichage est d\u2019un an. Si vous cochez \u00ab Se souvenir de moi \u00bb, votre cookie de connexion sera conserv\u00e9 pendant deux semaines. Si vous vous d\u00e9connectez de votre compte, le cookie de connexion sera supprim\u00e9.<\/p>\n\n\n\n<p>Si vous modifiez ou publiez un article, un cookie suppl\u00e9mentaire sera enregistr\u00e9 dans votre navigateur. Ce cookie ne contient aucune donn\u00e9e personnelle et indique simplement l&#039;identifiant de l&#039;article que vous venez de modifier. Il expire au bout d&#039;un jour.<\/p>\n\n\n\n<h3 class=\"wp-block-heading\">Contenu int\u00e9gr\u00e9 provenant d&#039;autres sites Web<\/h3>\n\n\n\n<p>Les articles de ce site peuvent inclure du contenu int\u00e9gr\u00e9 (par exemple des vid\u00e9os, des images, des articles, etc.). Le contenu int\u00e9gr\u00e9 provenant d&#039;autres sites Web se comporte exactement de la m\u00eame mani\u00e8re que si le visiteur avait visit\u00e9 cet autre site Web.<\/p>\n\n\n\n<p>Ces sites Web peuvent collecter des donn\u00e9es sur vous, utiliser des cookies, int\u00e9grer un suivi tiers suppl\u00e9mentaire et surveiller votre interaction avec ce contenu int\u00e9gr\u00e9, y compris le suivi de votre interaction avec le contenu int\u00e9gr\u00e9 si vous avez un compte et \u00eates connect\u00e9 \u00e0 ce site Web.<\/p>\n\n\n\n<h3 class=\"wp-block-heading\">Analytique<\/h3>\n\n\n\n<p>Cras en nisi id turpis cursus vulputate. Aliquam \u00e0 sapien non tellus congue efficitur. Nam scelerisque quam quis turpis pellentesque, in placerat erat laoreet. Porttitor entier malesuada ante, nec aliquet dui pellentesque sit amet. Fusce non pretium lacus, id malesuada dui. Sed dapibus nec neque quis tempo. Pellentesque convallis sodales odio at varius. Fusce id odio sit amet mi convallis lacinia. Vivamus vel facilisis ante, ac aliquet turpis. Nam vel sapien a ligula mollis accumsan.<\/p>\n\n\n\n<h2 class=\"wp-block-heading\">Avec qui partageons-nous vos donn\u00e9es ?<\/h2>\n\n\n\n<p>Nulla in condimentum sem, id tempus enim. Praesent auctor tristique eros, eget convallis leo. Nam dictum eleifend justo ac porta. Etiam congue varius justo ut finibus. Curabitur non elit eget urna faucibus bibendum a sed lorem. Etiam placerat malesuada lacus vel volutpat. Quisque a eros felis. Donec ante nibh, pharetra eget nunc nec, bibendum blandit risus. Aliquam sagittis lorem ac felis sollicitudin, au porta tortor dictum. M\u00e9c\u00e8ne dapibus libero tellus, ut posuere augue malesuada ut. Mauris ac maximus ante, porttitor viverra orci. Cras dignissim, risus non iaculis faucibus, arcu odio efficitur magna, at congue eros mauris sit amet nisi. Classe aptent taciti sociosqu ad litora torquent per conubia nostra, per inceptos himenaeos.<\/p>\n\n\n\n<h2 class=\"wp-block-heading\">Combien de temps conservons-nous vos donn\u00e9es ?<\/h2>\n\n\n\n<p>Si vous laissez un commentaire, le commentaire et ses m\u00e9tadonn\u00e9es sont conserv\u00e9s ind\u00e9finiment. Cela nous permet de reconna\u00eetre et d&#039;approuver automatiquement les commentaires suivants au lieu de les laisser dans une file d&#039;attente de mod\u00e9ration.<\/p>\n\n\n\n<p>Pour les utilisateurs qui s&#039;inscrivent sur notre site Web (le cas \u00e9ch\u00e9ant), nous stockons \u00e9galement les informations personnelles qu&#039;ils fournissent dans leur profil d&#039;utilisateur. Tous les utilisateurs peuvent voir, modifier ou supprimer leurs informations personnelles \u00e0 tout moment (\u00e0 l&#039;exception de leur nom d&#039;utilisateur). Les administrateurs du site Web peuvent \u00e9galement voir et modifier ces informations.<\/p>\n\n\n\n<h2 class=\"wp-block-heading\">Quels droits avez-vous sur vos donn\u00e9es<\/h2>\n\n\n\n<p>Si vous avez un compte ou si vous avez laiss\u00e9 des commentaires sur le site, vous pouvez demander \u00e0 recevoir un fichier contenant toutes les donn\u00e9es personnelles que nous poss\u00e9dons \u00e0 votre sujet, incluant celles que vous nous avez fournies. Vous pouvez \u00e9galement demander la suppression des donn\u00e9es personnelles vous concernant. Cela ne prend pas en compte les donn\u00e9es stock\u00e9es \u00e0 des fins administratives, l\u00e9gales ou de s\u00e9curit\u00e9.<\/p>\n\n\n\n<h2 class=\"wp-block-heading\">O\u00f9 nous envoyons vos donn\u00e9es<\/h2>\n\n\n\n<p>Les commentaires des visiteurs peuvent \u00eatre v\u00e9rifi\u00e9s via un service automatis\u00e9 de d\u00e9tection de spam.<\/p>\n\n\n\n<h2 class=\"wp-block-heading\">Vos coordonn\u00e9es<\/h2>\n\n\n\n<p>Nulla in condimentum sem, id tempus enim. Praesent auctor tristique eros, eget convallis leo. Nam dictum eleifend justo ac porta. Etiam congue varius justo ut finibus. Curabitur non elit eget urna faucibus bibendum a sed lorem. Etiam placerat malesuada lacus vel volutpat. Quisque a eros felis. Donec ante nibh, pharetra eget nunc nec, bibendum blandit risus. Aliquam sagittis lorem ac felis sollicitudin, au porta tortor dictum. M\u00e9c\u00e8ne dapibus libero tellus, ut posuere augue malesuada ut. Mauris ac maximus ante, porttitor viverra orci. Cras dignissim, risus non iaculis faucibus, arcu odio efficitur magna, at congue eros mauris sit amet nisi. Classe aptent taciti sociosqu ad litora torquent per conubia nostra, per inceptos himenaeos.<\/p>\n\n\n\n<h2 class=\"wp-block-heading\">Informations Compl\u00e9mentaires<\/h2>\n\n\n\n<p>Classe aptent taciti sociosqu ad litora torquent per conubia nostra, per inceptos himenaeos. In tempus, erat eget tincidunt elementum, mauris quam laoreet erat, in porttitor sem eros sit amet nibh. Nulla sit amet volutpat risus. M\u00e9c\u00e8ne pharetra nisl nec egestas sollicitudin.<\/p>\n\n\n\n<h3 class=\"wp-block-heading\">Comment nous prot\u00e9geons vos donn\u00e9es<\/h3>\n\n\n\n<p>Donec nec eros quis urna rhoncus tempor nec eget augue. Orci varius natoque penatibus et magnis dis parturient montes, nascetur ridiculus mus. \u00c9n\u00e9en posuere augue libero, vitae accumsan lacus efficitur vel. Nam tristique aliquet eros, nec elementum nisi.<\/p>\n\n\n\n<h3 class=\"wp-block-heading\">Quelles proc\u00e9dures de violation de donn\u00e9es avons-nous mises en place ?<\/h3>\n\n\n\n<p>Cras sapien ex, finibus ut interdum a, divers hendrerit felis. Ut lobortis lorem sit amet dolor sagittis, vel blandit massa porttitor. Aliquam erat volutpat. Duis tincidunt, turpis ut porta malesuada, ante felis lobortis ante, in eleifend nibh nisl quis nibh. Lorem ipsum dolor sit amet, consectetur adipiscing elit. Duis id rhoncus augue, at consectetur metus. Curabitur sodales massa sit amet sem tincidunt feugiat. Fusce malesuada nisl eget nibh accumsan consectetur. Je soup\u00e7onne Congue Hendrerit. C&#039;\u00e9tait Lorem.<\/p>\n\n\n\n<h3 class=\"wp-block-heading\">De quels tiers recevons-nous des donn\u00e9es ?<\/h3>\n\n\n\n<p>Praesent magna lacus, faucibus ac sapien vel, efficacit\u00e9 ullamcorper ipsum. M\u00e9c\u00e8ne varius risus at ipsum hendrerit, non aliquet sem scelerisque. Vestibulum vel augue eget nibh laoreet facilisis ut ultricies sapien. Aliquam sit amet velit egestas, ultrices lacus ut, elementum sapien.<\/p>\n\n\n\n<h3 class=\"wp-block-heading\">Quelles d\u00e9cisions automatis\u00e9es et\/ou profilages r\u00e9alisons-nous avec les donn\u00e9es des utilisateurs<\/h3>\n\n\n\n<p>Fusce eget augue commodo mi sollicitudin finibus. Donec bibendum augue in erat porttitor, id pharetra purus mattis. Entier gravida ornare auctor. Sed mauris libero, pretium consectetur cursus eu, blandit at arcu. Morbi justo turpis, vulputate et elementum non, dapibus at ante. Le Morbi est augue id juste un \u00e9l\u00e9ment pulmonaire. Donec volutpat quam quis porta maximus.<\/p>\n\n\n\n<h3 class=\"wp-block-heading\">Exigences en mati\u00e8re de divulgation r\u00e9glementaire de l\u2019industrie<\/h3>\n\n\n\n<p>Etiam congue varius justo ut finibus. Curabitur non elit eget urna faucibus bibendum a sed lorem. Etiam placerat malesuada lacus vel volutpat. Quisque a eros felis. Donec ante nibh, pharetra eget nunc nec, bibendum blandit risus. Aliquam sagittis lorem ac felis sollicitudin, au porta tortor dictum. M\u00e9c\u00e8ne dapibus libero tellus, ut posuere augue malesuada ut. Mauris ac maximus ante, porttitor viverra orci. Cras dignissim, risus non iaculis faucibus, arcu odio efficitur magna, at congue eros mauris sit amet nisi. Classe aptent taciti sociosqu ad litora torquent per conubia nostra, per inceptos himenaeos.<\/p>","protected":false},"excerpt":{"rendered":"<p>Who we are Our website address is: https:\/\/mercurytheme.com. What personal data we collect and why we collect it Comments When visitors leave comments on the site we collect the data shown in the comments form, and also the visitor\u2019s IP address and browser user agent string to help spam detection. An anonymized string created from [&hellip;]<\/p>\n","protected":false},"author":1,"featured_media":0,"parent":0,"menu_order":0,"comment_status":"closed","ping_status":"closed","template":"","meta":{"footnotes":""},"class_list":["post-127","page","type-page","status-publish","hentry"],"yoast_head":"<!-- This site is optimized with the Yoast SEO plugin v27.3 - https:\/\/yoast.com\/product\/yoast-seo-wordpress\/ -->\n<title>Privacy Policy - Centimeters to Calculator<\/title>\n<meta name=\"robots\" content=\"index, follow, max-snippet:-1, max-image-preview:large, max-video-preview:-1\" \/>\n<link rel=\"canonical\" href=\"https:\/\/centimeters.to\/fr\/privacy-policy-2\/\" \/>\n<meta property=\"og:locale\" content=\"fr_FR\" \/>\n<meta property=\"og:type\" content=\"article\" \/>\n<meta property=\"og:title\" content=\"Privacy Policy - Centimeters to Calculator\" \/>\n<meta property=\"og:description\" content=\"Who we are Our website address is: https:\/\/mercurytheme.com. What personal data we collect and why we collect it Comments When visitors leave comments on the site we collect the data shown in the comments form, and also the visitor\u2019s IP address and browser user agent string to help spam detection. An anonymized string created from [&hellip;]\" \/>\n<meta property=\"og:url\" content=\"https:\/\/centimeters.to\/fr\/privacy-policy-2\/\" \/>\n<meta property=\"og:site_name\" content=\"Centimeters to Calculator\" \/>\n<meta name=\"twitter:card\" content=\"summary_large_image\" \/>\n<meta name=\"twitter:label1\" content=\"Dur\u00e9e de lecture estim\u00e9e\" \/>\n\t<meta name=\"twitter:data1\" content=\"7 minutes\" \/>\n<script type=\"application\/ld+json\" class=\"yoast-schema-graph\">{\"@context\":\"https:\\\/\\\/schema.org\",\"@graph\":[{\"@type\":\"WebPage\",\"@id\":\"https:\\\/\\\/centimeters.to\\\/privacy-policy-2\\\/\",\"url\":\"https:\\\/\\\/centimeters.to\\\/privacy-policy-2\\\/\",\"name\":\"Privacy Policy - Centimeters to Calculator\",\"isPartOf\":{\"@id\":\"https:\\\/\\\/centimeters.to\\\/#website\"},\"datePublished\":\"2022-12-27T17:58:31+00:00\",\"breadcrumb\":{\"@id\":\"https:\\\/\\\/centimeters.to\\\/privacy-policy-2\\\/#breadcrumb\"},\"inLanguage\":\"fr-FR\",\"potentialAction\":[{\"@type\":\"ReadAction\",\"target\":[\"https:\\\/\\\/centimeters.to\\\/privacy-policy-2\\\/\"]}]},{\"@type\":\"BreadcrumbList\",\"@id\":\"https:\\\/\\\/centimeters.to\\\/privacy-policy-2\\\/#breadcrumb\",\"itemListElement\":[{\"@type\":\"ListItem\",\"position\":1,\"name\":\"Home\",\"item\":\"https:\\\/\\\/centimeters.to\\\/\"},{\"@type\":\"ListItem\",\"position\":2,\"name\":\"Privacy Policy\"}]},{\"@type\":\"WebSite\",\"@id\":\"https:\\\/\\\/centimeters.to\\\/#website\",\"url\":\"https:\\\/\\\/centimeters.to\\\/\",\"name\":\"Centimeters to Calculator\",\"description\":\"Convert from CM to any other metric with ease.\",\"publisher\":{\"@id\":\"https:\\\/\\\/centimeters.to\\\/#organization\"},\"potentialAction\":[{\"@type\":\"SearchAction\",\"target\":{\"@type\":\"EntryPoint\",\"urlTemplate\":\"https:\\\/\\\/centimeters.to\\\/?s={search_term_string}\"},\"query-input\":{\"@type\":\"PropertyValueSpecification\",\"valueRequired\":true,\"valueName\":\"search_term_string\"}}],\"inLanguage\":\"fr-FR\"},{\"@type\":\"Organization\",\"@id\":\"https:\\\/\\\/centimeters.to\\\/#organization\",\"name\":\"Centimeters to Calculator\",\"url\":\"https:\\\/\\\/centimeters.to\\\/\",\"logo\":{\"@type\":\"ImageObject\",\"inLanguage\":\"fr-FR\",\"@id\":\"https:\\\/\\\/centimeters.to\\\/#\\\/schema\\\/logo\\\/image\\\/\",\"url\":\"https:\\\/\\\/centimeters.to\\\/wp-content\\\/uploads\\\/2025\\\/06\\\/cropped-centimeters_rectangular_logo.png\",\"contentUrl\":\"https:\\\/\\\/centimeters.to\\\/wp-content\\\/uploads\\\/2025\\\/06\\\/cropped-centimeters_rectangular_logo.png\",\"width\":512,\"height\":160,\"caption\":\"Centimeters to Calculator\"},\"image\":{\"@id\":\"https:\\\/\\\/centimeters.to\\\/#\\\/schema\\\/logo\\\/image\\\/\"}}]}<\/script>\n<!-- \/ Yoast SEO plugin. -->","yoast_head_json":{"title":"Politique de confidentialit\u00e9 - Calculatrice de centim\u00e8tres","robots":{"index":"index","follow":"follow","max-snippet":"max-snippet:-1","max-image-preview":"max-image-preview:large","max-video-preview":"max-video-preview:-1"},"canonical":"https:\/\/centimeters.to\/fr\/privacy-policy-2\/","og_locale":"fr_FR","og_type":"article","og_title":"Privacy Policy - Centimeters to Calculator","og_description":"Who we are Our website address is: https:\/\/mercurytheme.com. What personal data we collect and why we collect it Comments When visitors leave comments on the site we collect the data shown in the comments form, and also the visitor\u2019s IP address and browser user agent string to help spam detection. An anonymized string created from [&hellip;]","og_url":"https:\/\/centimeters.to\/fr\/privacy-policy-2\/","og_site_name":"Centimeters to Calculator","twitter_card":"summary_large_image","twitter_misc":{"Dur\u00e9e de lecture estim\u00e9e":"7 minutes"},"schema":{"@context":"https:\/\/schema.org","@graph":[{"@type":"WebPage","@id":"https:\/\/centimeters.to\/privacy-policy-2\/","url":"https:\/\/centimeters.to\/privacy-policy-2\/","name":"Politique de confidentialit\u00e9 - Calculatrice de centim\u00e8tres","isPartOf":{"@id":"https:\/\/centimeters.to\/#website"},"datePublished":"2022-12-27T17:58:31+00:00","breadcrumb":{"@id":"https:\/\/centimeters.to\/privacy-policy-2\/#breadcrumb"},"inLanguage":"fr-FR","potentialAction":[{"@type":"ReadAction","target":["https:\/\/centimeters.to\/privacy-policy-2\/"]}]},{"@type":"BreadcrumbList","@id":"https:\/\/centimeters.to\/privacy-policy-2\/#breadcrumb","itemListElement":[{"@type":"ListItem","position":1,"name":"Home","item":"https:\/\/centimeters.to\/"},{"@type":"ListItem","position":2,"name":"Privacy Policy"}]},{"@type":"WebSite","@id":"https:\/\/centimeters.to\/#website","url":"https:\/\/centimeters.to\/","name":"Centim\u00e8tres \u00e0 Calculatrice","description":"Convertissez facilement du CM \u00e0 n&#039;importe quelle autre m\u00e9trique.","publisher":{"@id":"https:\/\/centimeters.to\/#organization"},"potentialAction":[{"@type":"SearchAction","target":{"@type":"EntryPoint","urlTemplate":"https:\/\/centimeters.to\/?s={search_term_string}"},"query-input":{"@type":"PropertyValueSpecification","valueRequired":true,"valueName":"search_term_string"}}],"inLanguage":"fr-FR"},{"@type":"Organization","@id":"https:\/\/centimeters.to\/#organization","name":"Centim\u00e8tres \u00e0 Calculatrice","url":"https:\/\/centimeters.to\/","logo":{"@type":"ImageObject","inLanguage":"fr-FR","@id":"https:\/\/centimeters.to\/#\/schema\/logo\/image\/","url":"https:\/\/centimeters.to\/wp-content\/uploads\/2025\/06\/cropped-centimeters_rectangular_logo.png","contentUrl":"https:\/\/centimeters.to\/wp-content\/uploads\/2025\/06\/cropped-centimeters_rectangular_logo.png","width":512,"height":160,"caption":"Centimeters to Calculator"},"image":{"@id":"https:\/\/centimeters.to\/#\/schema\/logo\/image\/"}}]}},"_links":{"self":[{"href":"https:\/\/centimeters.to\/fr\/wp-json\/wp\/v2\/pages\/127","targetHints":{"allow":["GET"]}}],"collection":[{"href":"https:\/\/centimeters.to\/fr\/wp-json\/wp\/v2\/pages"}],"about":[{"href":"https:\/\/centimeters.to\/fr\/wp-json\/wp\/v2\/types\/page"}],"author":[{"embeddable":true,"href":"https:\/\/centimeters.to\/fr\/wp-json\/wp\/v2\/users\/1"}],"replies":[{"embeddable":true,"href":"https:\/\/centimeters.to\/fr\/wp-json\/wp\/v2\/comments?post=127"}],"version-history":[{"count":0,"href":"https:\/\/centimeters.to\/fr\/wp-json\/wp\/v2\/pages\/127\/revisions"}],"wp:attachment":[{"href":"https:\/\/centimeters.to\/fr\/wp-json\/wp\/v2\/media?parent=127"}],"curies":[{"name":"wp","href":"https:\/\/api.w.org\/{rel}","templated":true}]}}