{"id":1825,"date":"2024-09-18T19:03:25","date_gmt":"2024-09-18T19:03:25","guid":{"rendered":"https:\/\/centimeters.to\/?page_id=1825"},"modified":"2024-09-18T19:03:26","modified_gmt":"2024-09-18T19:03:26","slug":"about-us","status":"publish","type":"page","link":"https:\/\/centimeters.to\/it\/chi-siamo\/","title":{"rendered":"Chi siamo"},"content":{"rendered":"<p>Benvenuti su Centimeters.to, la vostra risorsa di riferimento per conversioni facili, precise e veloci tra diverse unit\u00e0 di misura. Che siate americani che esplorano il mondo o qualcuno che cerca di dare un senso al sistema imperiale, siamo qui per semplificare le cose.<\/p>\n\n\n\n<p>La nostra missione \u00e8 quella di fornire un&#039;esperienza fluida quando si convertono pollici, piedi, millimetri, centimetri, chilometri, metri, yard e miglia. Niente pi\u00f9 dubbi o calcoli complicati: solo conversioni affidabili a portata di mano.<\/p>\n\n\n\n<p>Creato pensando a tutti, Centimeters.to mira a colmare il divario tra i sistemi metrici e imperiali. Sappiamo quanto possa essere frustrante imbattersi in unit\u00e0 di misura non familiari, soprattutto quando si viaggia o si lavora a progetti. Ecco perch\u00e9 abbiamo progettato uno strumento che \u00e8 tanto intuitivo quanto efficiente.<\/p>\n\n\n\n<p>Centimeters.to \u00e8 perfetto per:<\/p>\n\n\n\n<ul class=\"wp-block-list\">\n<li>Gli americani che navigano tra le misure metriche mentre sono all&#039;estero<\/li>\n\n\n\n<li>Visitatori internazionali o professionisti che cercano di comprendere le unit\u00e0 consuetudinarie degli Stati Uniti<\/li>\n\n\n\n<li>Studenti, viaggiatori e chiunque abbia bisogno di conversioni di unit\u00e0 rapide e precise<\/li>\n<\/ul>\n\n\n\n<p>Noi di Centimeters.to crediamo nell&#039;importanza di semplificare la vita, una conversione alla volta.<\/p>\n\n\n\n<p>Inizia subito a convertire e scopri quanto pu\u00f2 essere semplice!<\/p>","protected":false},"excerpt":{"rendered":"<p>Welcome to Centimeters.to, your go-to resource for easy, accurate, and fast conversions between different units of measurement. Whether you&#8217;re an American exploring the world, or someone trying to make sense of the imperial system, we\u2019re here to simplify things. Our mission is to provide a seamless experience when converting inches, feet, millimeters, centimeters, kilometers, meters, [&hellip;]<\/p>\n","protected":false},"author":1,"featured_media":0,"parent":0,"menu_order":0,"comment_status":"closed","ping_status":"closed","template":"","meta":{"footnotes":""},"class_list":["post-1825","page","type-page","status-publish","hentry"],"yoast_head":"<!-- This site is optimized with the Yoast SEO plugin v27.3 - https:\/\/yoast.com\/product\/yoast-seo-wordpress\/ -->\n<title>About Us - Centimeters to Calculator<\/title>\n<meta name=\"robots\" content=\"index, follow, max-snippet:-1, max-image-preview:large, max-video-preview:-1\" \/>\n<link rel=\"canonical\" href=\"https:\/\/centimeters.to\/it\/about-us\/\" \/>\n<meta property=\"og:locale\" content=\"it_IT\" \/>\n<meta property=\"og:type\" content=\"article\" \/>\n<meta property=\"og:title\" content=\"About Us - Centimeters to Calculator\" \/>\n<meta property=\"og:description\" content=\"Welcome to Centimeters.to, your go-to resource for easy, accurate, and fast conversions between different units of measurement. Whether you&#8217;re an American exploring the world, or someone trying to make sense of the imperial system, we\u2019re here to simplify things. Our mission is to provide a seamless experience when converting inches, feet, millimeters, centimeters, kilometers, meters, [&hellip;]\" \/>\n<meta property=\"og:url\" content=\"https:\/\/centimeters.to\/it\/about-us\/\" \/>\n<meta property=\"og:site_name\" content=\"Centimeters to Calculator\" \/>\n<meta property=\"article:modified_time\" content=\"2024-09-18T19:03:26+00:00\" \/>\n<meta name=\"twitter:card\" content=\"summary_large_image\" \/>\n<meta name=\"twitter:label1\" content=\"Tempo di lettura stimato\" \/>\n\t<meta name=\"twitter:data1\" content=\"1 minuto\" \/>\n<script type=\"application\/ld+json\" class=\"yoast-schema-graph\">{\"@context\":\"https:\\\/\\\/schema.org\",\"@graph\":[{\"@type\":\"WebPage\",\"@id\":\"https:\\\/\\\/centimeters.to\\\/about-us\\\/\",\"url\":\"https:\\\/\\\/centimeters.to\\\/about-us\\\/\",\"name\":\"About Us - Centimeters to Calculator\",\"isPartOf\":{\"@id\":\"https:\\\/\\\/centimeters.to\\\/#website\"},\"datePublished\":\"2024-09-18T19:03:25+00:00\",\"dateModified\":\"2024-09-18T19:03:26+00:00\",\"breadcrumb\":{\"@id\":\"https:\\\/\\\/centimeters.to\\\/about-us\\\/#breadcrumb\"},\"inLanguage\":\"it-IT\",\"potentialAction\":[{\"@type\":\"ReadAction\",\"target\":[\"https:\\\/\\\/centimeters.to\\\/about-us\\\/\"]}]},{\"@type\":\"BreadcrumbList\",\"@id\":\"https:\\\/\\\/centimeters.to\\\/about-us\\\/#breadcrumb\",\"itemListElement\":[{\"@type\":\"ListItem\",\"position\":1,\"name\":\"Home\",\"item\":\"https:\\\/\\\/centimeters.to\\\/\"},{\"@type\":\"ListItem\",\"position\":2,\"name\":\"About Us\"}]},{\"@type\":\"WebSite\",\"@id\":\"https:\\\/\\\/centimeters.to\\\/#website\",\"url\":\"https:\\\/\\\/centimeters.to\\\/\",\"name\":\"Centimeters to Calculator\",\"description\":\"Convert from CM to any other metric with ease.\",\"publisher\":{\"@id\":\"https:\\\/\\\/centimeters.to\\\/#organization\"},\"potentialAction\":[{\"@type\":\"SearchAction\",\"target\":{\"@type\":\"EntryPoint\",\"urlTemplate\":\"https:\\\/\\\/centimeters.to\\\/?s={search_term_string}\"},\"query-input\":{\"@type\":\"PropertyValueSpecification\",\"valueRequired\":true,\"valueName\":\"search_term_string\"}}],\"inLanguage\":\"it-IT\"},{\"@type\":\"Organization\",\"@id\":\"https:\\\/\\\/centimeters.to\\\/#organization\",\"name\":\"Centimeters to Calculator\",\"url\":\"https:\\\/\\\/centimeters.to\\\/\",\"logo\":{\"@type\":\"ImageObject\",\"inLanguage\":\"it-IT\",\"@id\":\"https:\\\/\\\/centimeters.to\\\/#\\\/schema\\\/logo\\\/image\\\/\",\"url\":\"https:\\\/\\\/centimeters.to\\\/wp-content\\\/uploads\\\/2025\\\/06\\\/cropped-centimeters_rectangular_logo.png\",\"contentUrl\":\"https:\\\/\\\/centimeters.to\\\/wp-content\\\/uploads\\\/2025\\\/06\\\/cropped-centimeters_rectangular_logo.png\",\"width\":512,\"height\":160,\"caption\":\"Centimeters to Calculator\"},\"image\":{\"@id\":\"https:\\\/\\\/centimeters.to\\\/#\\\/schema\\\/logo\\\/image\\\/\"}}]}<\/script>\n<!-- \/ Yoast SEO plugin. -->","yoast_head_json":{"title":"Chi siamo - Centimetri in Calcolatrice","robots":{"index":"index","follow":"follow","max-snippet":"max-snippet:-1","max-image-preview":"max-image-preview:large","max-video-preview":"max-video-preview:-1"},"canonical":"https:\/\/centimeters.to\/it\/about-us\/","og_locale":"it_IT","og_type":"article","og_title":"About Us - Centimeters to Calculator","og_description":"Welcome to Centimeters.to, your go-to resource for easy, accurate, and fast conversions between different units of measurement. Whether you&#8217;re an American exploring the world, or someone trying to make sense of the imperial system, we\u2019re here to simplify things. Our mission is to provide a seamless experience when converting inches, feet, millimeters, centimeters, kilometers, meters, [&hellip;]","og_url":"https:\/\/centimeters.to\/it\/about-us\/","og_site_name":"Centimeters to Calculator","article_modified_time":"2024-09-18T19:03:26+00:00","twitter_card":"summary_large_image","twitter_misc":{"Tempo di lettura stimato":"1 minuto"},"schema":{"@context":"https:\/\/schema.org","@graph":[{"@type":"WebPage","@id":"https:\/\/centimeters.to\/about-us\/","url":"https:\/\/centimeters.to\/about-us\/","name":"Chi siamo - Centimetri in Calcolatrice","isPartOf":{"@id":"https:\/\/centimeters.to\/#website"},"datePublished":"2024-09-18T19:03:25+00:00","dateModified":"2024-09-18T19:03:26+00:00","breadcrumb":{"@id":"https:\/\/centimeters.to\/about-us\/#breadcrumb"},"inLanguage":"it-IT","potentialAction":[{"@type":"ReadAction","target":["https:\/\/centimeters.to\/about-us\/"]}]},{"@type":"BreadcrumbList","@id":"https:\/\/centimeters.to\/about-us\/#breadcrumb","itemListElement":[{"@type":"ListItem","position":1,"name":"Home","item":"https:\/\/centimeters.to\/"},{"@type":"ListItem","position":2,"name":"About Us"}]},{"@type":"WebSite","@id":"https:\/\/centimeters.to\/#website","url":"https:\/\/centimeters.to\/","name":"Centimetri alla calcolatrice","description":"Converti facilmente CM in qualsiasi altra metrica.","publisher":{"@id":"https:\/\/centimeters.to\/#organization"},"potentialAction":[{"@type":"SearchAction","target":{"@type":"EntryPoint","urlTemplate":"https:\/\/centimeters.to\/?s={search_term_string}"},"query-input":{"@type":"PropertyValueSpecification","valueRequired":true,"valueName":"search_term_string"}}],"inLanguage":"it-IT"},{"@type":"Organization","@id":"https:\/\/centimeters.to\/#organization","name":"Centimetri alla calcolatrice","url":"https:\/\/centimeters.to\/","logo":{"@type":"ImageObject","inLanguage":"it-IT","@id":"https:\/\/centimeters.to\/#\/schema\/logo\/image\/","url":"https:\/\/centimeters.to\/wp-content\/uploads\/2025\/06\/cropped-centimeters_rectangular_logo.png","contentUrl":"https:\/\/centimeters.to\/wp-content\/uploads\/2025\/06\/cropped-centimeters_rectangular_logo.png","width":512,"height":160,"caption":"Centimeters to Calculator"},"image":{"@id":"https:\/\/centimeters.to\/#\/schema\/logo\/image\/"}}]}},"_links":{"self":[{"href":"https:\/\/centimeters.to\/it\/wp-json\/wp\/v2\/pages\/1825","targetHints":{"allow":["GET"]}}],"collection":[{"href":"https:\/\/centimeters.to\/it\/wp-json\/wp\/v2\/pages"}],"about":[{"href":"https:\/\/centimeters.to\/it\/wp-json\/wp\/v2\/types\/page"}],"author":[{"embeddable":true,"href":"https:\/\/centimeters.to\/it\/wp-json\/wp\/v2\/users\/1"}],"replies":[{"embeddable":true,"href":"https:\/\/centimeters.to\/it\/wp-json\/wp\/v2\/comments?post=1825"}],"version-history":[{"count":1,"href":"https:\/\/centimeters.to\/it\/wp-json\/wp\/v2\/pages\/1825\/revisions"}],"predecessor-version":[{"id":1826,"href":"https:\/\/centimeters.to\/it\/wp-json\/wp\/v2\/pages\/1825\/revisions\/1826"}],"wp:attachment":[{"href":"https:\/\/centimeters.to\/it\/wp-json\/wp\/v2\/media?parent=1825"}],"curies":[{"name":"wp","href":"https:\/\/api.w.org\/{rel}","templated":true}]}}