{"id":127,"date":"2022-12-27T17:58:31","date_gmt":"2022-12-27T17:58:31","guid":{"rendered":"https:\/\/export.mercurytheme.com\/012\/?page_id=127"},"modified":"2022-12-27T17:58:31","modified_gmt":"2022-12-27T17:58:31","slug":"privacy-policy-2","status":"publish","type":"page","link":"https:\/\/centimeters.to\/pt\/politica-de-privacidade-2\/","title":{"rendered":"pol\u00edtica de Privacidade"},"content":{"rendered":"<h2 class=\"wp-block-heading\">Quem somos<\/h2>\n\n\n\n<p>O endere\u00e7o do nosso site \u00e9: https:\/\/mercurytheme.com.<\/p>\n\n\n\n<h2 class=\"wp-block-heading\">Quais dados pessoais coletamos e por que os coletamos<\/h2>\n\n\n\n<h3 class=\"wp-block-heading\">Coment\u00e1rios<\/h3>\n\n\n\n<p>Quando os visitantes deixam coment\u00e1rios no site, coletamos os dados mostrados no formul\u00e1rio de coment\u00e1rios, al\u00e9m do endere\u00e7o IP do visitante e de dados do navegador para ajudar na detec\u00e7\u00e3o de spam.<\/p>\n\n\n\n<p>Uma sequ\u00eancia de caracteres an\u00f4nima criada a partir do seu endere\u00e7o de e-mail (tamb\u00e9m chamada de hash) pode ser fornecida ao servi\u00e7o Gravatar para verificar se voc\u00ea o est\u00e1 usando. A pol\u00edtica de privacidade do servi\u00e7o Gravatar est\u00e1 dispon\u00edvel aqui: https:\/\/automattic.com\/privacy\/. Ap\u00f3s a aprova\u00e7\u00e3o do seu coment\u00e1rio, sua foto de perfil fica vis\u00edvel ao p\u00fablico no contexto do seu coment\u00e1rio.<\/p>\n\n\n\n<h3 class=\"wp-block-heading\">M\u00eddia<\/h3>\n\n\n\n<p>Se voc\u00ea fizer upload de imagens para o site, evite fazer upload de imagens com dados de localiza\u00e7\u00e3o incorporados (EXIF GPS) inclu\u00eddos. Os visitantes do site podem baixar e extrair quaisquer dados de localiza\u00e7\u00e3o das imagens no site.<\/p>\n\n\n\n<h3 class=\"wp-block-heading\">Formul\u00e1rios de contato<\/h3>\n\n\n\n<p>Cras em nisi id turpis cursus vulputate. Aliquam e sapien non Tellus congue efficitur. Nam scelerisque quam quis turpis pellentesque, in placerat erat laoreet. Porttitor inteiro malesuada ante, nec aliquet dui pellentesque sit amet. Fusce non pretium lacus, id malesuada dui. Sed dapibus nec neque quis tempor. Pellentesque convallis sodales odio e varius. Fusce id odio sit amet mi convallis lacinia. Vivamus vel facilisis ante, ac aliquet turpis. Nam vel sapien a l\u00edgula mollis accumsan.<\/p>\n\n\n\n<h3 class=\"wp-block-heading\">Biscoitos<\/h3>\n\n\n\n<p>Se voc\u00ea deixar um coment\u00e1rio em nosso site, voc\u00ea pode optar por salvar seu nome, endere\u00e7o de e-mail e site em cookies. Eles s\u00e3o para sua conveni\u00eancia, para que voc\u00ea n\u00e3o precise preencher seus detalhes novamente quando deixar outro coment\u00e1rio. Esses cookies duram um ano.<\/p>\n\n\n\n<p>Se voc\u00ea visitar nossa p\u00e1gina de login, definiremos um cookie tempor\u00e1rio para determinar se seu navegador aceita cookies. Este cookie n\u00e3o cont\u00e9m dados pessoais e \u00e9 descartado quando voc\u00ea fecha seu navegador.<\/p>\n\n\n\n<p>Quando voc\u00ea faz login, tamb\u00e9m configuramos v\u00e1rios cookies para salvar suas informa\u00e7\u00f5es de login e suas escolhas de exibi\u00e7\u00e3o de tela. Os cookies de login duram dois dias, e os cookies de op\u00e7\u00f5es de tela duram um ano. Se voc\u00ea selecionar \u201cLembrar de mim\u201d, seu login persistir\u00e1 por duas semanas. Se voc\u00ea sair da sua conta, os cookies de login ser\u00e3o removidos.<\/p>\n\n\n\n<p>Se voc\u00ea editar ou publicar um artigo, um cookie adicional ser\u00e1 salvo no seu navegador. Este cookie n\u00e3o inclui dados pessoais e simplesmente indica o ID do post do artigo que voc\u00ea acabou de editar. Ele expira ap\u00f3s 1 dia.<\/p>\n\n\n\n<h3 class=\"wp-block-heading\">Conte\u00fado incorporado de outros sites<\/h3>\n\n\n\n<p>Os artigos neste site podem incluir conte\u00fado incorporado (por exemplo, v\u00eddeos, imagens, artigos, etc.). Conte\u00fado incorporado de outros sites se comporta exatamente da mesma maneira como se o visitante tivesse visitado o outro site.<\/p>\n\n\n\n<p>Esses sites podem coletar dados sobre voc\u00ea, usar cookies, incorporar rastreamento adicional de terceiros e monitorar sua intera\u00e7\u00e3o com esse conte\u00fado incorporado, incluindo o rastreamento de sua intera\u00e7\u00e3o com o conte\u00fado incorporado se voc\u00ea tiver uma conta e estiver conectado a esse site.<\/p>\n\n\n\n<h3 class=\"wp-block-heading\">An\u00e1lise<\/h3>\n\n\n\n<p>Cras em nisi id turpis cursus vulputate. Aliquam e sapien non Tellus congue efficitur. Nam scelerisque quam quis turpis pellentesque, in placerat erat laoreet. Porttitor inteiro malesuada ante, nec aliquet dui pellentesque sit amet. Fusce non pretium lacus, id malesuada dui. Sed dapibus nec neque quis tempor. Pellentesque convallis sodales odio e varius. Fusce id odio sit amet mi convallis lacinia. Vivamus vel facilisis ante, ac aliquet turpis. Nam vel sapien a l\u00edgula mollis accumsan.<\/p>\n\n\n\n<h2 class=\"wp-block-heading\">Com quem compartilhamos seus dados<\/h2>\n\n\n\n<p>Nulla in condimentum sem, id tempus enim. Praesent auctor tristique eros, eget convallis leo. Nam dictum eleifend justo ac porta. Etiam congue varius apenas ut finibus. Curabitur non elit eget urna faucibus bibendum a sed lorem. Etiam placerat malesuada lacus vel volutpat. Quisque a eros felis. Donec ante nibh, pharetra eget nunc nec, bibendum blandit risus. Aliquam sagittis lorem ac felis sollicitudin, at porta tortor dictum. Mecenas dapibus libero Tellus, ut posuere augue malesuada ut. Mauris ac maximus ante, porttitor viverra orci. Cras dignissim, risus non iaculis faucibus, arcu odio efficitur magna, at congue eros mauris sit amet nisi. Classe aptent taciti sociosqu ad litora torquent per conubia nostra, per inceptos himenaeos.<\/p>\n\n\n\n<h2 class=\"wp-block-heading\">Por quanto tempo retemos seus dados<\/h2>\n\n\n\n<p>Se voc\u00ea deixar um coment\u00e1rio, o coment\u00e1rio e seus metadados ser\u00e3o retidos indefinidamente. Isso \u00e9 para que possamos reconhecer e aprovar quaisquer coment\u00e1rios de acompanhamento automaticamente, em vez de mant\u00ea-los em uma fila de modera\u00e7\u00e3o.<\/p>\n\n\n\n<p>Para usu\u00e1rios que se registram em nosso site (se houver), tamb\u00e9m armazenamos as informa\u00e7\u00f5es pessoais que eles fornecem em seu perfil de usu\u00e1rio. Todos os usu\u00e1rios podem ver, editar ou excluir suas informa\u00e7\u00f5es pessoais a qualquer momento (exceto que eles n\u00e3o podem alterar seu nome de usu\u00e1rio). Os administradores do site tamb\u00e9m podem ver e editar essas informa\u00e7\u00f5es.<\/p>\n\n\n\n<h2 class=\"wp-block-heading\">Quais direitos voc\u00ea tem sobre seus dados<\/h2>\n\n\n\n<p>Se voc\u00ea tem uma conta neste site, ou deixou coment\u00e1rios, voc\u00ea pode solicitar receber um arquivo exportado dos dados pessoais que temos sobre voc\u00ea, incluindo quaisquer dados que voc\u00ea nos forneceu. Voc\u00ea tamb\u00e9m pode solicitar que apaguemos quaisquer dados pessoais que temos sobre voc\u00ea. Isso n\u00e3o inclui quaisquer dados que somos obrigados a manter para fins administrativos, legais ou de seguran\u00e7a.<\/p>\n\n\n\n<h2 class=\"wp-block-heading\">Para onde enviamos seus dados<\/h2>\n\n\n\n<p>Os coment\u00e1rios dos visitantes podem ser verificados por meio de um servi\u00e7o automatizado de detec\u00e7\u00e3o de spam.<\/p>\n\n\n\n<h2 class=\"wp-block-heading\">Suas informa\u00e7\u00f5es de contato<\/h2>\n\n\n\n<p>Nulla in condimentum sem, id tempus enim. Praesent auctor tristique eros, eget convallis leo. Nam dictum eleifend justo ac porta. Etiam congue varius apenas ut finibus. Curabitur non elit eget urna faucibus bibendum a sed lorem. Etiam placerat malesuada lacus vel volutpat. Quisque a eros felis. Donec ante nibh, pharetra eget nunc nec, bibendum blandit risus. Aliquam sagittis lorem ac felis sollicitudin, at porta tortor dictum. Mecenas dapibus libero Tellus, ut posuere augue malesuada ut. Mauris ac maximus ante, porttitor viverra orci. Cras dignissim, risus non iaculis faucibus, arcu odio efficitur magna, at congue eros mauris sit amet nisi. Classe aptent taciti sociosqu ad litora torquent per conubia nostra, per inceptos himenaeos.<\/p>\n\n\n\n<h2 class=\"wp-block-heading\">Informa\u00e7\u00f5es adicionais<\/h2>\n\n\n\n<p>Classe aptent taciti sociosqu ad litora torquent per conubia nostra, per inceptos himenaeos. In tempus, erat eget tincidunt elementum, mauris quam laoreet erat, in porttitor sem eros sit amet nibh. Nulla sit amet volutpat risus. Mecenas pharetra nisl nec egestas sollicitudin.<\/p>\n\n\n\n<h3 class=\"wp-block-heading\">Como protegemos seus dados<\/h3>\n\n\n\n<p>Donec nec eros quis urna rhoncus tempor nec eget augue. Orci varius natoque penatibus et magnis dis parturient montes, nastur ridiculus mus. Aenean posuere augue libero, vitae accumsan lacus efficitur vel. Nam tristique aliquet eros, nec elementum nisi.<\/p>\n\n\n\n<h3 class=\"wp-block-heading\">Quais procedimentos de viola\u00e7\u00e3o de dados temos em vigor<\/h3>\n\n\n\n<p>Cras sapien ex, finibus ut interdum a, varius hendrerit felis. Ut lobortis lorem sit amet dolor sagittis, vel blandit massa porttitor. Aliquam erat volutpat. Duis tincidunt, turpis ut porta malesuada, ante felis lobortis ante, in eleifend nibh nisl quis nibh. Lorem ipsum dolor sit amet, consectetur adipiscing elit. Duis id rhoncus augue, at consectetur metus. Curabitur sodales massa sit amet sem tincidunt feugiat. Fusce malesuada nisl eget nibh accumsan consectetur. Sed suscipit congue hendrerit. Ut ut erat lorem.<\/p>\n\n\n\n<h3 class=\"wp-block-heading\">De quais terceiros recebemos dados<\/h3>\n\n\n\n<p>Praesent magna lacus, faucibus ac sapien vel, efficitur ullamcorper ipsum. Mecenas varius risus at ipsum hendrerit, non aliquet sem scelerisque. Vest\u00edbulo vel augue eget nibh laoreet facilita ut ultricies sapien. Aliquam sit amet velit egestas, ultrices lacus ut, elementum sapien.<\/p>\n\n\n\n<h3 class=\"wp-block-heading\">Que tomada de decis\u00e3o automatizada e\/ou cria\u00e7\u00e3o de perfil fazemos com os dados do usu\u00e1rio<\/h3>\n\n\n\n<p>Fusce eget augue comodo mi sollicitudin finibus. Donec bibendum augue in erat porttitor, id pharetra purus mattis. Inteiro gravida ornare auctor. Sed mauris libero, pretium consectetur cursus eu, blandit at arcu. Morbi justo turpis, vulputate et elementum non, dapibus at ante. Morbi id augue id justo pulvinar elementum. Donec volutpat quam quis porta maximus.<\/p>\n\n\n\n<h3 class=\"wp-block-heading\">Requisitos de divulga\u00e7\u00e3o regulat\u00f3ria da ind\u00fastria<\/h3>\n\n\n\n<p>Etiam congue varius apenas ut finibus. Curabitur non elit eget urna faucibus bibendum a sed lorem. Etiam placerat malesuada lacus vel volutpat. Quisque a eros felis. Donec ante nibh, pharetra eget nunc nec, bibendum blandit risus. Aliquam sagittis lorem ac felis sollicitudin, at porta tortor dictum. Mecenas dapibus libero Tellus, ut posuere augue malesuada ut. Mauris ac maximus ante, porttitor viverra orci. Cras dignissim, risus non iaculis faucibus, arcu odio efficitur magna, at congue eros mauris sit amet nisi. Classe aptent taciti sociosqu ad litora torquent per conubia nostra, per inceptos himenaeos.<\/p>","protected":false},"excerpt":{"rendered":"<p>Who we are Our website address is: https:\/\/mercurytheme.com. What personal data we collect and why we collect it Comments When visitors leave comments on the site we collect the data shown in the comments form, and also the visitor\u2019s IP address and browser user agent string to help spam detection. An anonymized string created from [&hellip;]<\/p>\n","protected":false},"author":1,"featured_media":0,"parent":0,"menu_order":0,"comment_status":"closed","ping_status":"closed","template":"","meta":{"footnotes":""},"class_list":["post-127","page","type-page","status-publish","hentry"],"yoast_head":"<!-- This site is optimized with the Yoast SEO plugin v27.3 - https:\/\/yoast.com\/product\/yoast-seo-wordpress\/ -->\n<title>Privacy Policy - Centimeters to Calculator<\/title>\n<meta name=\"robots\" content=\"index, follow, max-snippet:-1, max-image-preview:large, max-video-preview:-1\" \/>\n<link rel=\"canonical\" href=\"https:\/\/centimeters.to\/pt\/privacy-policy-2\/\" \/>\n<meta property=\"og:locale\" content=\"pt_BR\" \/>\n<meta property=\"og:type\" content=\"article\" \/>\n<meta property=\"og:title\" content=\"Privacy Policy - Centimeters to Calculator\" \/>\n<meta property=\"og:description\" content=\"Who we are Our website address is: https:\/\/mercurytheme.com. What personal data we collect and why we collect it Comments When visitors leave comments on the site we collect the data shown in the comments form, and also the visitor\u2019s IP address and browser user agent string to help spam detection. An anonymized string created from [&hellip;]\" \/>\n<meta property=\"og:url\" content=\"https:\/\/centimeters.to\/pt\/privacy-policy-2\/\" \/>\n<meta property=\"og:site_name\" content=\"Centimeters to Calculator\" \/>\n<meta name=\"twitter:card\" content=\"summary_large_image\" \/>\n<meta name=\"twitter:label1\" content=\"Est. tempo de leitura\" \/>\n\t<meta name=\"twitter:data1\" content=\"7 minutos\" \/>\n<script type=\"application\/ld+json\" class=\"yoast-schema-graph\">{\"@context\":\"https:\\\/\\\/schema.org\",\"@graph\":[{\"@type\":\"WebPage\",\"@id\":\"https:\\\/\\\/centimeters.to\\\/privacy-policy-2\\\/\",\"url\":\"https:\\\/\\\/centimeters.to\\\/privacy-policy-2\\\/\",\"name\":\"Privacy Policy - Centimeters to Calculator\",\"isPartOf\":{\"@id\":\"https:\\\/\\\/centimeters.to\\\/#website\"},\"datePublished\":\"2022-12-27T17:58:31+00:00\",\"breadcrumb\":{\"@id\":\"https:\\\/\\\/centimeters.to\\\/privacy-policy-2\\\/#breadcrumb\"},\"inLanguage\":\"pt-BR\",\"potentialAction\":[{\"@type\":\"ReadAction\",\"target\":[\"https:\\\/\\\/centimeters.to\\\/privacy-policy-2\\\/\"]}]},{\"@type\":\"BreadcrumbList\",\"@id\":\"https:\\\/\\\/centimeters.to\\\/privacy-policy-2\\\/#breadcrumb\",\"itemListElement\":[{\"@type\":\"ListItem\",\"position\":1,\"name\":\"Home\",\"item\":\"https:\\\/\\\/centimeters.to\\\/\"},{\"@type\":\"ListItem\",\"position\":2,\"name\":\"Privacy Policy\"}]},{\"@type\":\"WebSite\",\"@id\":\"https:\\\/\\\/centimeters.to\\\/#website\",\"url\":\"https:\\\/\\\/centimeters.to\\\/\",\"name\":\"Centimeters to Calculator\",\"description\":\"Convert from CM to any other metric with ease.\",\"publisher\":{\"@id\":\"https:\\\/\\\/centimeters.to\\\/#organization\"},\"potentialAction\":[{\"@type\":\"SearchAction\",\"target\":{\"@type\":\"EntryPoint\",\"urlTemplate\":\"https:\\\/\\\/centimeters.to\\\/?s={search_term_string}\"},\"query-input\":{\"@type\":\"PropertyValueSpecification\",\"valueRequired\":true,\"valueName\":\"search_term_string\"}}],\"inLanguage\":\"pt-BR\"},{\"@type\":\"Organization\",\"@id\":\"https:\\\/\\\/centimeters.to\\\/#organization\",\"name\":\"Centimeters to Calculator\",\"url\":\"https:\\\/\\\/centimeters.to\\\/\",\"logo\":{\"@type\":\"ImageObject\",\"inLanguage\":\"pt-BR\",\"@id\":\"https:\\\/\\\/centimeters.to\\\/#\\\/schema\\\/logo\\\/image\\\/\",\"url\":\"https:\\\/\\\/centimeters.to\\\/wp-content\\\/uploads\\\/2025\\\/06\\\/cropped-centimeters_rectangular_logo.png\",\"contentUrl\":\"https:\\\/\\\/centimeters.to\\\/wp-content\\\/uploads\\\/2025\\\/06\\\/cropped-centimeters_rectangular_logo.png\",\"width\":512,\"height\":160,\"caption\":\"Centimeters to Calculator\"},\"image\":{\"@id\":\"https:\\\/\\\/centimeters.to\\\/#\\\/schema\\\/logo\\\/image\\\/\"}}]}<\/script>\n<!-- \/ Yoast SEO plugin. -->","yoast_head_json":{"title":"Pol\u00edtica de Privacidade - Cent\u00edmetros para Calculadora","robots":{"index":"index","follow":"follow","max-snippet":"max-snippet:-1","max-image-preview":"max-image-preview:large","max-video-preview":"max-video-preview:-1"},"canonical":"https:\/\/centimeters.to\/pt\/privacy-policy-2\/","og_locale":"pt_BR","og_type":"article","og_title":"Privacy Policy - Centimeters to Calculator","og_description":"Who we are Our website address is: https:\/\/mercurytheme.com. What personal data we collect and why we collect it Comments When visitors leave comments on the site we collect the data shown in the comments form, and also the visitor\u2019s IP address and browser user agent string to help spam detection. An anonymized string created from [&hellip;]","og_url":"https:\/\/centimeters.to\/pt\/privacy-policy-2\/","og_site_name":"Centimeters to Calculator","twitter_card":"summary_large_image","twitter_misc":{"Est. tempo de leitura":"7 minutos"},"schema":{"@context":"https:\/\/schema.org","@graph":[{"@type":"WebPage","@id":"https:\/\/centimeters.to\/privacy-policy-2\/","url":"https:\/\/centimeters.to\/privacy-policy-2\/","name":"Pol\u00edtica de Privacidade - Cent\u00edmetros para Calculadora","isPartOf":{"@id":"https:\/\/centimeters.to\/#website"},"datePublished":"2022-12-27T17:58:31+00:00","breadcrumb":{"@id":"https:\/\/centimeters.to\/privacy-policy-2\/#breadcrumb"},"inLanguage":"pt-BR","potentialAction":[{"@type":"ReadAction","target":["https:\/\/centimeters.to\/privacy-policy-2\/"]}]},{"@type":"BreadcrumbList","@id":"https:\/\/centimeters.to\/privacy-policy-2\/#breadcrumb","itemListElement":[{"@type":"ListItem","position":1,"name":"Home","item":"https:\/\/centimeters.to\/"},{"@type":"ListItem","position":2,"name":"Privacy Policy"}]},{"@type":"WebSite","@id":"https:\/\/centimeters.to\/#website","url":"https:\/\/centimeters.to\/","name":"Cent\u00edmetros para Calculadora","description":"Converta de CM para qualquer outra m\u00e9trica com facilidade.","publisher":{"@id":"https:\/\/centimeters.to\/#organization"},"potentialAction":[{"@type":"SearchAction","target":{"@type":"EntryPoint","urlTemplate":"https:\/\/centimeters.to\/?s={search_term_string}"},"query-input":{"@type":"PropertyValueSpecification","valueRequired":true,"valueName":"search_term_string"}}],"inLanguage":"pt-BR"},{"@type":"Organization","@id":"https:\/\/centimeters.to\/#organization","name":"Cent\u00edmetros para Calculadora","url":"https:\/\/centimeters.to\/","logo":{"@type":"ImageObject","inLanguage":"pt-BR","@id":"https:\/\/centimeters.to\/#\/schema\/logo\/image\/","url":"https:\/\/centimeters.to\/wp-content\/uploads\/2025\/06\/cropped-centimeters_rectangular_logo.png","contentUrl":"https:\/\/centimeters.to\/wp-content\/uploads\/2025\/06\/cropped-centimeters_rectangular_logo.png","width":512,"height":160,"caption":"Centimeters to Calculator"},"image":{"@id":"https:\/\/centimeters.to\/#\/schema\/logo\/image\/"}}]}},"_links":{"self":[{"href":"https:\/\/centimeters.to\/pt\/wp-json\/wp\/v2\/pages\/127","targetHints":{"allow":["GET"]}}],"collection":[{"href":"https:\/\/centimeters.to\/pt\/wp-json\/wp\/v2\/pages"}],"about":[{"href":"https:\/\/centimeters.to\/pt\/wp-json\/wp\/v2\/types\/page"}],"author":[{"embeddable":true,"href":"https:\/\/centimeters.to\/pt\/wp-json\/wp\/v2\/users\/1"}],"replies":[{"embeddable":true,"href":"https:\/\/centimeters.to\/pt\/wp-json\/wp\/v2\/comments?post=127"}],"version-history":[{"count":0,"href":"https:\/\/centimeters.to\/pt\/wp-json\/wp\/v2\/pages\/127\/revisions"}],"wp:attachment":[{"href":"https:\/\/centimeters.to\/pt\/wp-json\/wp\/v2\/media?parent=127"}],"curies":[{"name":"wp","href":"https:\/\/api.w.org\/{rel}","templated":true}]}}