{"id":1825,"date":"2024-09-18T19:03:25","date_gmt":"2024-09-18T19:03:25","guid":{"rendered":"https:\/\/centimeters.to\/?page_id=1825"},"modified":"2024-09-18T19:03:26","modified_gmt":"2024-09-18T19:03:26","slug":"about-us","status":"publish","type":"page","link":"https:\/\/centimeters.to\/pt\/sobre-nos\/","title":{"rendered":"Sobre n\u00f3s"},"content":{"rendered":"<p>Bem-vindo ao Centimeters.to, seu recurso de refer\u00eancia para convers\u00f5es f\u00e1ceis, precisas e r\u00e1pidas entre diferentes unidades de medida. Seja voc\u00ea um americano explorando o mundo ou algu\u00e9m tentando entender o sistema imperial, estamos aqui para simplificar as coisas.<\/p>\n\n\n\n<p>Nossa miss\u00e3o \u00e9 fornecer uma experi\u00eancia perfeita ao converter polegadas, p\u00e9s, mil\u00edmetros, cent\u00edmetros, quil\u00f4metros, metros, jardas e milhas. Chega de segundas suposi\u00e7\u00f5es ou matem\u00e1tica complicada \u2014 apenas convers\u00f5es confi\u00e1veis na ponta dos dedos.<\/p>\n\n\n\n<p>Criado com todos em mente, o Centimeters.to visa preencher a lacuna entre os sistemas m\u00e9trico e imperial. Entendemos o qu\u00e3o frustrante pode ser encontrar unidades desconhecidas, especialmente ao viajar ou trabalhar em projetos. \u00c9 por isso que projetamos uma ferramenta que \u00e9 t\u00e3o f\u00e1cil de usar quanto eficiente.<\/p>\n\n\n\n<p>Cent\u00edmetros.to \u00e9 perfeito para:<\/p>\n\n\n\n<ul class=\"wp-block-list\">\n<li>Americanos navegando em medidas m\u00e9tricas enquanto est\u00e3o no exterior<\/li>\n\n\n\n<li>Visitantes internacionais ou profissionais tentando entender as unidades usuais dos EUA<\/li>\n\n\n\n<li>Estudantes, viajantes e qualquer pessoa que precise de convers\u00f5es de unidades r\u00e1pidas e precisas<\/li>\n<\/ul>\n\n\n\n<p>Na Centimeters.to, acreditamos em tornar a vida mais f\u00e1cil \u2014 uma convers\u00e3o de cada vez.<\/p>\n\n\n\n<p>Comece a converter hoje mesmo e veja como isso pode ser f\u00e1cil!<\/p>","protected":false},"excerpt":{"rendered":"<p>Welcome to Centimeters.to, your go-to resource for easy, accurate, and fast conversions between different units of measurement. Whether you&#8217;re an American exploring the world, or someone trying to make sense of the imperial system, we\u2019re here to simplify things. Our mission is to provide a seamless experience when converting inches, feet, millimeters, centimeters, kilometers, meters, [&hellip;]<\/p>\n","protected":false},"author":1,"featured_media":0,"parent":0,"menu_order":0,"comment_status":"closed","ping_status":"closed","template":"","meta":{"footnotes":""},"class_list":["post-1825","page","type-page","status-publish","hentry"],"yoast_head":"<!-- This site is optimized with the Yoast SEO plugin v27.3 - https:\/\/yoast.com\/product\/yoast-seo-wordpress\/ -->\n<title>About Us - Centimeters to Calculator<\/title>\n<meta name=\"robots\" content=\"index, follow, max-snippet:-1, max-image-preview:large, max-video-preview:-1\" \/>\n<link rel=\"canonical\" href=\"https:\/\/centimeters.to\/pt\/about-us\/\" \/>\n<meta property=\"og:locale\" content=\"pt_BR\" \/>\n<meta property=\"og:type\" content=\"article\" \/>\n<meta property=\"og:title\" content=\"About Us - Centimeters to Calculator\" \/>\n<meta property=\"og:description\" content=\"Welcome to Centimeters.to, your go-to resource for easy, accurate, and fast conversions between different units of measurement. Whether you&#8217;re an American exploring the world, or someone trying to make sense of the imperial system, we\u2019re here to simplify things. Our mission is to provide a seamless experience when converting inches, feet, millimeters, centimeters, kilometers, meters, [&hellip;]\" \/>\n<meta property=\"og:url\" content=\"https:\/\/centimeters.to\/pt\/about-us\/\" \/>\n<meta property=\"og:site_name\" content=\"Centimeters to Calculator\" \/>\n<meta property=\"article:modified_time\" content=\"2024-09-18T19:03:26+00:00\" \/>\n<meta name=\"twitter:card\" content=\"summary_large_image\" \/>\n<meta name=\"twitter:label1\" content=\"Est. tempo de leitura\" \/>\n\t<meta name=\"twitter:data1\" content=\"1 minuto\" \/>\n<script type=\"application\/ld+json\" class=\"yoast-schema-graph\">{\"@context\":\"https:\\\/\\\/schema.org\",\"@graph\":[{\"@type\":\"WebPage\",\"@id\":\"https:\\\/\\\/centimeters.to\\\/about-us\\\/\",\"url\":\"https:\\\/\\\/centimeters.to\\\/about-us\\\/\",\"name\":\"About Us - Centimeters to Calculator\",\"isPartOf\":{\"@id\":\"https:\\\/\\\/centimeters.to\\\/#website\"},\"datePublished\":\"2024-09-18T19:03:25+00:00\",\"dateModified\":\"2024-09-18T19:03:26+00:00\",\"breadcrumb\":{\"@id\":\"https:\\\/\\\/centimeters.to\\\/about-us\\\/#breadcrumb\"},\"inLanguage\":\"pt-BR\",\"potentialAction\":[{\"@type\":\"ReadAction\",\"target\":[\"https:\\\/\\\/centimeters.to\\\/about-us\\\/\"]}]},{\"@type\":\"BreadcrumbList\",\"@id\":\"https:\\\/\\\/centimeters.to\\\/about-us\\\/#breadcrumb\",\"itemListElement\":[{\"@type\":\"ListItem\",\"position\":1,\"name\":\"Home\",\"item\":\"https:\\\/\\\/centimeters.to\\\/\"},{\"@type\":\"ListItem\",\"position\":2,\"name\":\"About Us\"}]},{\"@type\":\"WebSite\",\"@id\":\"https:\\\/\\\/centimeters.to\\\/#website\",\"url\":\"https:\\\/\\\/centimeters.to\\\/\",\"name\":\"Centimeters to Calculator\",\"description\":\"Convert from CM to any other metric with ease.\",\"publisher\":{\"@id\":\"https:\\\/\\\/centimeters.to\\\/#organization\"},\"potentialAction\":[{\"@type\":\"SearchAction\",\"target\":{\"@type\":\"EntryPoint\",\"urlTemplate\":\"https:\\\/\\\/centimeters.to\\\/?s={search_term_string}\"},\"query-input\":{\"@type\":\"PropertyValueSpecification\",\"valueRequired\":true,\"valueName\":\"search_term_string\"}}],\"inLanguage\":\"pt-BR\"},{\"@type\":\"Organization\",\"@id\":\"https:\\\/\\\/centimeters.to\\\/#organization\",\"name\":\"Centimeters to Calculator\",\"url\":\"https:\\\/\\\/centimeters.to\\\/\",\"logo\":{\"@type\":\"ImageObject\",\"inLanguage\":\"pt-BR\",\"@id\":\"https:\\\/\\\/centimeters.to\\\/#\\\/schema\\\/logo\\\/image\\\/\",\"url\":\"https:\\\/\\\/centimeters.to\\\/wp-content\\\/uploads\\\/2025\\\/06\\\/cropped-centimeters_rectangular_logo.png\",\"contentUrl\":\"https:\\\/\\\/centimeters.to\\\/wp-content\\\/uploads\\\/2025\\\/06\\\/cropped-centimeters_rectangular_logo.png\",\"width\":512,\"height\":160,\"caption\":\"Centimeters to Calculator\"},\"image\":{\"@id\":\"https:\\\/\\\/centimeters.to\\\/#\\\/schema\\\/logo\\\/image\\\/\"}}]}<\/script>\n<!-- \/ Yoast SEO plugin. -->","yoast_head_json":{"title":"Sobre n\u00f3s - Cent\u00edmetros para Calculadora","robots":{"index":"index","follow":"follow","max-snippet":"max-snippet:-1","max-image-preview":"max-image-preview:large","max-video-preview":"max-video-preview:-1"},"canonical":"https:\/\/centimeters.to\/pt\/about-us\/","og_locale":"pt_BR","og_type":"article","og_title":"About Us - Centimeters to Calculator","og_description":"Welcome to Centimeters.to, your go-to resource for easy, accurate, and fast conversions between different units of measurement. Whether you&#8217;re an American exploring the world, or someone trying to make sense of the imperial system, we\u2019re here to simplify things. Our mission is to provide a seamless experience when converting inches, feet, millimeters, centimeters, kilometers, meters, [&hellip;]","og_url":"https:\/\/centimeters.to\/pt\/about-us\/","og_site_name":"Centimeters to Calculator","article_modified_time":"2024-09-18T19:03:26+00:00","twitter_card":"summary_large_image","twitter_misc":{"Est. tempo de leitura":"1 minuto"},"schema":{"@context":"https:\/\/schema.org","@graph":[{"@type":"WebPage","@id":"https:\/\/centimeters.to\/about-us\/","url":"https:\/\/centimeters.to\/about-us\/","name":"Sobre n\u00f3s - Cent\u00edmetros para Calculadora","isPartOf":{"@id":"https:\/\/centimeters.to\/#website"},"datePublished":"2024-09-18T19:03:25+00:00","dateModified":"2024-09-18T19:03:26+00:00","breadcrumb":{"@id":"https:\/\/centimeters.to\/about-us\/#breadcrumb"},"inLanguage":"pt-BR","potentialAction":[{"@type":"ReadAction","target":["https:\/\/centimeters.to\/about-us\/"]}]},{"@type":"BreadcrumbList","@id":"https:\/\/centimeters.to\/about-us\/#breadcrumb","itemListElement":[{"@type":"ListItem","position":1,"name":"Home","item":"https:\/\/centimeters.to\/"},{"@type":"ListItem","position":2,"name":"About Us"}]},{"@type":"WebSite","@id":"https:\/\/centimeters.to\/#website","url":"https:\/\/centimeters.to\/","name":"Cent\u00edmetros para Calculadora","description":"Converta de CM para qualquer outra m\u00e9trica com facilidade.","publisher":{"@id":"https:\/\/centimeters.to\/#organization"},"potentialAction":[{"@type":"SearchAction","target":{"@type":"EntryPoint","urlTemplate":"https:\/\/centimeters.to\/?s={search_term_string}"},"query-input":{"@type":"PropertyValueSpecification","valueRequired":true,"valueName":"search_term_string"}}],"inLanguage":"pt-BR"},{"@type":"Organization","@id":"https:\/\/centimeters.to\/#organization","name":"Cent\u00edmetros para Calculadora","url":"https:\/\/centimeters.to\/","logo":{"@type":"ImageObject","inLanguage":"pt-BR","@id":"https:\/\/centimeters.to\/#\/schema\/logo\/image\/","url":"https:\/\/centimeters.to\/wp-content\/uploads\/2025\/06\/cropped-centimeters_rectangular_logo.png","contentUrl":"https:\/\/centimeters.to\/wp-content\/uploads\/2025\/06\/cropped-centimeters_rectangular_logo.png","width":512,"height":160,"caption":"Centimeters to Calculator"},"image":{"@id":"https:\/\/centimeters.to\/#\/schema\/logo\/image\/"}}]}},"_links":{"self":[{"href":"https:\/\/centimeters.to\/pt\/wp-json\/wp\/v2\/pages\/1825","targetHints":{"allow":["GET"]}}],"collection":[{"href":"https:\/\/centimeters.to\/pt\/wp-json\/wp\/v2\/pages"}],"about":[{"href":"https:\/\/centimeters.to\/pt\/wp-json\/wp\/v2\/types\/page"}],"author":[{"embeddable":true,"href":"https:\/\/centimeters.to\/pt\/wp-json\/wp\/v2\/users\/1"}],"replies":[{"embeddable":true,"href":"https:\/\/centimeters.to\/pt\/wp-json\/wp\/v2\/comments?post=1825"}],"version-history":[{"count":1,"href":"https:\/\/centimeters.to\/pt\/wp-json\/wp\/v2\/pages\/1825\/revisions"}],"predecessor-version":[{"id":1826,"href":"https:\/\/centimeters.to\/pt\/wp-json\/wp\/v2\/pages\/1825\/revisions\/1826"}],"wp:attachment":[{"href":"https:\/\/centimeters.to\/pt\/wp-json\/wp\/v2\/media?parent=1825"}],"curies":[{"name":"wp","href":"https:\/\/api.w.org\/{rel}","templated":true}]}}